{"id":564,"date":"2016-08-24T15:38:08","date_gmt":"2016-08-24T15:38:08","guid":{"rendered":"https:\/\/anglocomprod.wpengine.com\/en\/?page_id=564"},"modified":"2023-05-12T11:18:45","modified_gmt":"2023-05-12T15:18:45","slug":"translator-toolbox","status":"publish","type":"page","link":"https:\/\/anglocom.com\/en\/translator-toolbox\/","title":{"rendered":"Translator Toolbox"},"content":{"rendered":"<p>[et_pb_section bb_built=&#8221;1&#8243; fullwidth=&#8221;off&#8221; specialty=&#8221;off&#8221; background_image=&#8221;https:\/\/anglocom.com\/wp-content\/uploads\/2016\/12\/texture-filtre.jpg&#8221; transparent_background=&#8221;off&#8221; background_color=&#8221;#000000&#8243; allow_player_pause=&#8221;off&#8221; inner_shadow=&#8221;off&#8221; parallax=&#8221;off&#8221; parallax_method=&#8221;off&#8221; padding_mobile=&#8221;off&#8221; make_fullwidth=&#8221;off&#8221; use_custom_width=&#8221;off&#8221; width_unit=&#8221;on&#8221; make_equal=&#8221;off&#8221; use_custom_gutter=&#8221;off&#8221; custom_padding_tablet=&#8221;50px|0|50px|0&#8243; custom_padding_last_edited=&#8221;on|desktop&#8221; inner_width=&#8221;auto&#8221; inner_max_width=&#8221;1080px&#8221; next_background_color=&#8221;#FFFFFF&#8221;][et_pb_row admin_label=&#8221;Row&#8221; background_position=&#8221;top_left&#8221; background_repeat=&#8221;repeat&#8221; background_size=&#8221;initial&#8221; width=&#8221;80%&#8221; max_width=&#8221;1080px&#8221;][et_pb_column type=&#8221;4_4&#8243; custom_padding__hover=&#8221;|||&#8221; custom_padding=&#8221;|||&#8221;][et_pb_text admin_label=&#8221;Translator Toolbox&#8221; background_layout=&#8221;dark&#8221; text_orientation=&#8221;center&#8221; text_font=&#8221;Roboto Condensed||||&#8221; text_font_size=&#8221;80&#8243; use_border_color=&#8221;off&#8221; border_color=&#8221;#ffffff&#8221; border_style=&#8221;solid&#8221; background_position=&#8221;top_left&#8221; background_repeat=&#8221;repeat&#8221; background_size=&#8221;initial&#8221; module_alignment=&#8221;center&#8221;]<\/p>\n<h1 style=\"font-size: 72px;\">Translator Toolbox<\/h1>\n<p>[\/et_pb_text][\/et_pb_column][\/et_pb_row][\/et_pb_section][et_pb_section bb_built=&#8221;1&#8243; fullwidth=&#8221;off&#8221; specialty=&#8221;off&#8221; inner_width=&#8221;auto&#8221; inner_max_width=&#8221;1080px&#8221; prev_background_color=&#8221;#000000&#8243; next_background_color=&#8221;#000000&#8243;][et_pb_row background_position=&#8221;top_left&#8221; background_repeat=&#8221;repeat&#8221; background_size=&#8221;initial&#8221; width=&#8221;80%&#8221; max_width=&#8221;1080px&#8221;][et_pb_column type=&#8221;3_4&#8243; custom_padding__hover=&#8221;|||&#8221; custom_padding=&#8221;|||&#8221;][et_pb_blog admin_label=&#8221;Boite \u00e0 outils&#8221; fullwidth=&#8221;on&#8221; include_categories=&#8221;16&#8243; show_thumbnail=&#8221;on&#8221; show_content=&#8221;off&#8221; show_more=&#8221;off&#8221; show_author=&#8221;off&#8221; show_date=&#8221;off&#8221; show_categories=&#8221;off&#8221; show_comments=&#8221;off&#8221; show_pagination=&#8221;on&#8221; offset_number=&#8221;0&#8243; use_overlay=&#8221;off&#8221; background_layout=&#8221;light&#8221; use_dropshadow=&#8221;off&#8221; border_style=&#8221;solid&#8221; _builder_version=&#8221;3.0.80&#8243; pagination_font_size_tablet=&#8221;51&#8243; pagination_line_height_tablet=&#8221;2&#8243; \/][\/et_pb_column][et_pb_column type=&#8221;1_4&#8243; custom_padding__hover=&#8221;|||&#8221; custom_padding=&#8221;|||&#8221;][et_pb_blog admin_label=&#8221;Liste Bo\u00eete \u00e0 outils&#8221; fullwidth=&#8221;on&#8221; posts_number=&#8221;3&#8243; include_categories=&#8221;16&#8243; show_thumbnail=&#8221;off&#8221; show_content=&#8221;off&#8221; show_more=&#8221;off&#8221; show_author=&#8221;off&#8221; show_date=&#8221;off&#8221; show_categories=&#8221;off&#8221; show_comments=&#8221;off&#8221; show_pagination=&#8221;off&#8221; offset_number=&#8221;0&#8243; use_overlay=&#8221;off&#8221; background_layout=&#8221;light&#8221; use_dropshadow=&#8221;off&#8221; border_style=&#8221;solid&#8221; module_class=&#8221;archive-list&#8221; custom_css_before=&#8221;content: &#8216;Translator Toolbox&#8217;;&#8221; _builder_version=&#8221;3.0.75&#8243; pagination_font_size_tablet=&#8221;51&#8243; pagination_line_height_tablet=&#8221;2&#8243; \/][et_pb_cta admin_label=&#8221;Appel d&#8217;action Blogue&#8221; _builder_version=&#8221;3.0.75&#8243; title=&#8221;Never miss a new post&#8221; button_text=&#8221;Follow Us&#8221; button_url=&#8221;\/en\/email-subscription\/&#8221; url_new_window=&#8221;off&#8221; use_background_color=&#8221;off&#8221; background_layout=&#8221;dark&#8221; border_style=&#8221;solid&#8221; custom_button=&#8221;off&#8221; button_border_width=&#8221;0&#8243; button_border_radius=&#8221;0&#8243; button_letter_spacing=&#8221;0&#8243; button_icon_placement=&#8221;right&#8221; button_border_radius_hover=&#8221;0&#8243; button_letter_spacing_hover=&#8221;0&#8243; custom_css_promo_title=&#8221;text-align: left;||padding-bottom: 0;&#8221; header_text_color=&#8221;#161616&#8243; custom_css_promo_button=&#8221;width: 100%;&#8221; custom_padding=&#8221;16px|16px|16px|16px&#8221; custom_css_main_element=&#8221;background-color: gainsboro;&#8221; button_text_size__hover_enabled=&#8221;off&#8221; button_text_size__hover=&#8221;null&#8221; button_one_text_size__hover_enabled=&#8221;off&#8221; button_one_text_size__hover=&#8221;null&#8221; button_two_text_size__hover_enabled=&#8221;off&#8221; button_two_text_size__hover=&#8221;null&#8221; button_text_color__hover_enabled=&#8221;off&#8221; button_text_color__hover=&#8221;null&#8221; button_one_text_color__hover_enabled=&#8221;off&#8221; button_one_text_color__hover=&#8221;null&#8221; button_two_text_color__hover_enabled=&#8221;off&#8221; button_two_text_color__hover=&#8221;null&#8221; button_border_width__hover_enabled=&#8221;off&#8221; button_border_width__hover=&#8221;null&#8221; button_one_border_width__hover_enabled=&#8221;off&#8221; button_one_border_width__hover=&#8221;null&#8221; button_two_border_width__hover_enabled=&#8221;off&#8221; button_two_border_width__hover=&#8221;null&#8221; button_border_color__hover_enabled=&#8221;off&#8221; button_border_color__hover=&#8221;null&#8221; button_one_border_color__hover_enabled=&#8221;off&#8221; button_one_border_color__hover=&#8221;null&#8221; button_two_border_color__hover_enabled=&#8221;off&#8221; button_two_border_color__hover=&#8221;null&#8221; button_border_radius__hover_enabled=&#8221;on&#8221; button_border_radius__hover=&#8221;0&#8243; button_one_border_radius__hover_enabled=&#8221;off&#8221; button_one_border_radius__hover=&#8221;null&#8221; button_two_border_radius__hover_enabled=&#8221;off&#8221; button_two_border_radius__hover=&#8221;null&#8221; button_letter_spacing__hover_enabled=&#8221;on&#8221; button_letter_spacing__hover=&#8221;0&#8243; button_one_letter_spacing__hover_enabled=&#8221;off&#8221; button_one_letter_spacing__hover=&#8221;null&#8221; button_two_letter_spacing__hover_enabled=&#8221;off&#8221; button_two_letter_spacing__hover=&#8221;null&#8221; button_bg_color__hover_enabled=&#8221;off&#8221; button_bg_color__hover=&#8221;null&#8221; button_one_bg_color__hover_enabled=&#8221;off&#8221; button_one_bg_color__hover=&#8221;null&#8221; button_two_bg_color__hover_enabled=&#8221;off&#8221; button_two_bg_color__hover=&#8221;null&#8221; \/][\/et_pb_column][\/et_pb_row][\/et_pb_section][et_pb_section bb_built=&#8221;1&#8243; custom_padding_last_edited=&#8221;on|desktop&#8221; _builder_version=&#8221;3.22&#8243; background_color=&#8221;#000000&#8243; custom_padding_tablet=&#8221;50px|0|50px|0&#8243; transparent_background=&#8221;off&#8221; padding_mobile=&#8221;off&#8221; make_fullwidth=&#8221;off&#8221; use_custom_width=&#8221;off&#8221; width_unit=&#8221;on&#8221; global_colors_info=&#8221;{}&#8221; prev_background_color=&#8221;#FFFFFF&#8221; inner_width=&#8221;auto&#8221; inner_max_width=&#8221;1080px&#8221; global_module=&#8221;2396&#8243;][et_pb_row global_parent=&#8221;2396&#8243; column_structure=&#8221;1_2,1_2&#8243; _builder_version=&#8221;4.16&#8243; background_size=&#8221;initial&#8221; background_position=&#8221;top_left&#8221; background_repeat=&#8221;repeat&#8221; make_fullwidth=&#8221;off&#8221; use_custom_width=&#8221;off&#8221; width_unit=&#8221;on&#8221; global_colors_info=&#8221;{}&#8221;][et_pb_column type=&#8221;1_2&#8243; global_parent=&#8221;2396&#8243; _builder_version=&#8221;4.16&#8243; custom_padding=&#8221;|||&#8221; global_colors_info=&#8221;{}&#8221; custom_padding__hover=&#8221;|||&#8221;][et_pb_text admin_label=&#8221;About us&#8221; global_parent=&#8221;2396&#8243; _builder_version=&#8221;4.20.0&#8243; background_size=&#8221;initial&#8221; background_position=&#8221;top_left&#8221; background_repeat=&#8221;repeat&#8221; background_layout=&#8221;dark&#8221; hover_enabled=&#8221;0&#8243; use_border_color=&#8221;off&#8221; border_color=&#8221;#ffffff&#8221; border_style=&#8221;solid&#8221; global_colors_info=&#8221;{}&#8221; sticky_enabled=&#8221;0&#8243;]<\/p>\n<h3>About us<\/h3>\n<p>At Anglocom, we actually have TWO core missions: deliver spot-on French for the Quebec market and provide reader-friendly English for the North American market. <a href=\"\/en\/about-us\/a-uniquely-different-agency\/\">Learn more &gt;<\/a><\/p>\n<p>[\/et_pb_text][et_pb_social_media_follow admin_label=&#8221;Social network&#8221; global_parent=&#8221;2396&#8243; _builder_version=&#8221;4.16&#8243; background_layout=&#8221;dark&#8221; border_radii=&#8221;on|100%|100%|100%|100%&#8221; link_shape=&#8221;circle&#8221; global_colors_info=&#8221;{}&#8221;][et_pb_social_media_follow_network social_network=&#8221;twitter&#8221; url=&#8221;https:\/\/twitter.com\/anglais&#8221; _builder_version=&#8221;4.16&#8243; background_color=&#8221;#00aced&#8221; bg_color=&#8221;#00aced&#8221; global_colors_info=&#8221;{}&#8221; follow_button=&#8221;off&#8221; url_new_window=&#8221;on&#8221;] Twitter [\/et_pb_social_media_follow_network][et_pb_social_media_follow_network social_network=&#8221;rss&#8221; url=&#8221;https:\/\/anglocom.com\/en\/feed\/&#8221; _builder_version=&#8221;4.16&#8243; background_color=&#8221;#ff8a3c&#8221; bg_color=&#8221;#ff8a3c&#8221; global_colors_info=&#8221;{}&#8221; follow_button=&#8221;off&#8221; url_new_window=&#8221;on&#8221;] RSS [\/et_pb_social_media_follow_network][et_pb_social_media_follow_network social_network=&#8221;linkedin&#8221; url=&#8221;https:\/\/ca.linkedin.com\/company\/anglocom&#8221; _builder_version=&#8221;4.16&#8243; background_color=&#8221;#007bb6&#8243; bg_color=&#8221;#007bb6&#8243; global_colors_info=&#8221;{}&#8221; follow_button=&#8221;off&#8221; url_new_window=&#8221;on&#8221;] LinkedIn [\/et_pb_social_media_follow_network][\/et_pb_social_media_follow][\/et_pb_column][et_pb_column type=&#8221;1_2&#8243; global_parent=&#8221;2396&#8243; _builder_version=&#8221;4.16&#8243; custom_padding=&#8221;|||&#8221; global_colors_info=&#8221;{}&#8221; custom_padding__hover=&#8221;|||&#8221;][et_pb_text admin_label=&#8221;Contact us&#8221; global_parent=&#8221;2396&#8243; module_class=&#8221;no-link-color&#8221; _builder_version=&#8221;4.20.0&#8243; vertical_offset_tablet=&#8221;0&#8243; horizontal_offset_tablet=&#8221;0&#8243; background_layout=&#8221;dark&#8221; z_index_tablet=&#8221;0&#8243; text_text_shadow_horizontal_length_tablet=&#8221;0px&#8221; text_text_shadow_vertical_length_tablet=&#8221;0px&#8221; text_text_shadow_blur_strength_tablet=&#8221;1px&#8221; link_text_shadow_horizontal_length_tablet=&#8221;0px&#8221; link_text_shadow_vertical_length_tablet=&#8221;0px&#8221; link_text_shadow_blur_strength_tablet=&#8221;1px&#8221; ul_text_shadow_horizontal_length_tablet=&#8221;0px&#8221; ul_text_shadow_vertical_length_tablet=&#8221;0px&#8221; ul_text_shadow_blur_strength_tablet=&#8221;1px&#8221; ol_text_shadow_horizontal_length_tablet=&#8221;0px&#8221; ol_text_shadow_vertical_length_tablet=&#8221;0px&#8221; ol_text_shadow_blur_strength_tablet=&#8221;1px&#8221; quote_text_shadow_horizontal_length_tablet=&#8221;0px&#8221; quote_text_shadow_vertical_length_tablet=&#8221;0px&#8221; quote_text_shadow_blur_strength_tablet=&#8221;1px&#8221; header_text_shadow_horizontal_length_tablet=&#8221;0px&#8221; header_text_shadow_vertical_length_tablet=&#8221;0px&#8221; header_text_shadow_blur_strength_tablet=&#8221;1px&#8221; header_2_text_shadow_horizontal_length_tablet=&#8221;0px&#8221; header_2_text_shadow_vertical_length_tablet=&#8221;0px&#8221; header_2_text_shadow_blur_strength_tablet=&#8221;1px&#8221; header_3_text_shadow_horizontal_length_tablet=&#8221;0px&#8221; header_3_text_shadow_vertical_length_tablet=&#8221;0px&#8221; header_3_text_shadow_blur_strength_tablet=&#8221;1px&#8221; header_4_text_shadow_horizontal_length_tablet=&#8221;0px&#8221; header_4_text_shadow_vertical_length_tablet=&#8221;0px&#8221; header_4_text_shadow_blur_strength_tablet=&#8221;1px&#8221; header_5_text_shadow_horizontal_length_tablet=&#8221;0px&#8221; header_5_text_shadow_vertical_length_tablet=&#8221;0px&#8221; header_5_text_shadow_blur_strength_tablet=&#8221;1px&#8221; header_6_text_shadow_horizontal_length_tablet=&#8221;0px&#8221; header_6_text_shadow_vertical_length_tablet=&#8221;0px&#8221; header_6_text_shadow_blur_strength_tablet=&#8221;1px&#8221; box_shadow_horizontal_tablet=&#8221;0px&#8221; box_shadow_vertical_tablet=&#8221;0px&#8221; box_shadow_blur_tablet=&#8221;40px&#8221; box_shadow_spread_tablet=&#8221;0px&#8221; global_colors_info=&#8221;{}&#8221;]<\/p>\n<h3>Contact us<\/h3>\n<p>276 Saint-Jacques\u00a0Street, Suite 900, Montreal, Quebec, Canada H2Y 1N3<br \/>Montreal: <a href=\"tel:5147801707\">514-780-1707<\/a><br \/>Quebec City: <a href=\"tel:4185296928\">418-529-6928<\/a><br \/>Toll free in Canada and US: <a href=\"tel:18665296928\">1-866-529-6928<\/a><br \/>International: <a href=\"tel:14185296928%20\">1-418-529-6928<\/a><\/p>\n<p>[\/et_pb_text][\/et_pb_column][\/et_pb_row][\/et_pb_section]<\/p>\n","protected":false},"excerpt":{"rendered":"<p>Translator Toolbox About us At Anglocom, we actually have TWO core missions: deliver spot-on French for the Quebec market and provide reader-friendly English for the North American market. Learn more &gt; Contact us 276 Saint-Jacques\u00a0Street, Suite 900, Montreal, Quebec, Canada H2Y 1N3Montreal: 514-780-1707Quebec City: 418-529-6928Toll free in Canada and US: 1-866-529-6928International: 1-418-529-6928<\/p>\n","protected":false},"author":3,"featured_media":0,"parent":0,"menu_order":23,"comment_status":"closed","ping_status":"closed","template":"","meta":{"_acf_changed":false,"_et_pb_use_builder":"on","_et_pb_old_content":"","_et_gb_content_width":"","content-type":"","_monsterinsights_skip_tracking":false,"_monsterinsights_sitenote_active":false,"_monsterinsights_sitenote_note":"","_monsterinsights_sitenote_category":0,"footnotes":""},"class_list":["post-564","page","type-page","status-publish","hentry"],"acf":[],"yoast_head":"<!-- This site is optimized with the Yoast SEO plugin v27.2 - https:\/\/yoast.com\/product\/yoast-seo-wordpress\/ -->\n<title>Ressources | A toolbox to be a better translator<\/title>\n<meta name=\"description\" content=\"Ideas to share, solutions to suggest, guidance to offer: Anglocom and the world of translation.\" \/>\n<meta name=\"robots\" content=\"index, follow, max-snippet:-1, max-image-preview:large, max-video-preview:-1\" \/>\n<link rel=\"canonical\" href=\"https:\/\/anglocom.com\/en\/translator-toolbox\/\" \/>\n<meta property=\"og:locale\" content=\"en_US\" \/>\n<meta property=\"og:type\" content=\"article\" \/>\n<meta property=\"og:title\" content=\"Ressources | A toolbox to be a better translator\" \/>\n<meta property=\"og:description\" content=\"Ideas to share, solutions to suggest, guidance to offer: Anglocom and the world of translation.\" \/>\n<meta property=\"og:url\" content=\"https:\/\/anglocom.com\/en\/translator-toolbox\/\" \/>\n<meta property=\"og:site_name\" content=\"Anglocom\" \/>\n<meta property=\"article:modified_time\" content=\"2023-05-12T15:18:45+00:00\" \/>\n<meta name=\"twitter:card\" content=\"summary_large_image\" \/>\n<meta name=\"twitter:label1\" content=\"Est. reading time\" \/>\n\t<meta name=\"twitter:data1\" content=\"3 minutes\" \/>\n<script type=\"application\/ld+json\" class=\"yoast-schema-graph\">{\"@context\":\"https:\/\/schema.org\",\"@graph\":[{\"@type\":\"WebPage\",\"@id\":\"https:\/\/anglocom.com\/en\/translator-toolbox\/\",\"url\":\"https:\/\/anglocom.com\/en\/translator-toolbox\/\",\"name\":\"Ressources | A toolbox to be a better translator\",\"isPartOf\":{\"@id\":\"https:\/\/anglocom.com\/en\/#website\"},\"datePublished\":\"2016-08-24T15:38:08+00:00\",\"dateModified\":\"2023-05-12T15:18:45+00:00\",\"description\":\"Ideas to share, solutions to suggest, guidance to offer: Anglocom and the world of translation.\",\"breadcrumb\":{\"@id\":\"https:\/\/anglocom.com\/en\/translator-toolbox\/#breadcrumb\"},\"inLanguage\":\"en-US\",\"potentialAction\":[{\"@type\":\"ReadAction\",\"target\":[\"https:\/\/anglocom.com\/en\/translator-toolbox\/\"]}]},{\"@type\":\"BreadcrumbList\",\"@id\":\"https:\/\/anglocom.com\/en\/translator-toolbox\/#breadcrumb\",\"itemListElement\":[{\"@type\":\"ListItem\",\"position\":1,\"name\":\"Home\",\"item\":\"https:\/\/anglocom.com\/en\/\"},{\"@type\":\"ListItem\",\"position\":2,\"name\":\"Translator Toolbox\"}]},{\"@type\":\"WebSite\",\"@id\":\"https:\/\/anglocom.com\/en\/#website\",\"url\":\"https:\/\/anglocom.com\/en\/\",\"name\":\"Anglocom\",\"description\":\"Traduction et r\u00e9daction en fran\u00e7ais et en anglais au Qu\u00e9bec\",\"potentialAction\":[{\"@type\":\"SearchAction\",\"target\":{\"@type\":\"EntryPoint\",\"urlTemplate\":\"https:\/\/anglocom.com\/en\/?s={search_term_string}\"},\"query-input\":{\"@type\":\"PropertyValueSpecification\",\"valueRequired\":true,\"valueName\":\"search_term_string\"}}],\"inLanguage\":\"en-US\"}]}<\/script>\n<!-- \/ Yoast SEO plugin. -->","yoast_head_json":{"title":"Ressources | A toolbox to be a better translator","description":"Ideas to share, solutions to suggest, guidance to offer: Anglocom and the world of translation.","robots":{"index":"index","follow":"follow","max-snippet":"max-snippet:-1","max-image-preview":"max-image-preview:large","max-video-preview":"max-video-preview:-1"},"canonical":"https:\/\/anglocom.com\/en\/translator-toolbox\/","og_locale":"en_US","og_type":"article","og_title":"Ressources | A toolbox to be a better translator","og_description":"Ideas to share, solutions to suggest, guidance to offer: Anglocom and the world of translation.","og_url":"https:\/\/anglocom.com\/en\/translator-toolbox\/","og_site_name":"Anglocom","article_modified_time":"2023-05-12T15:18:45+00:00","twitter_card":"summary_large_image","twitter_misc":{"Est. reading time":"3 minutes"},"schema":{"@context":"https:\/\/schema.org","@graph":[{"@type":"WebPage","@id":"https:\/\/anglocom.com\/en\/translator-toolbox\/","url":"https:\/\/anglocom.com\/en\/translator-toolbox\/","name":"Ressources | A toolbox to be a better translator","isPartOf":{"@id":"https:\/\/anglocom.com\/en\/#website"},"datePublished":"2016-08-24T15:38:08+00:00","dateModified":"2023-05-12T15:18:45+00:00","description":"Ideas to share, solutions to suggest, guidance to offer: Anglocom and the world of translation.","breadcrumb":{"@id":"https:\/\/anglocom.com\/en\/translator-toolbox\/#breadcrumb"},"inLanguage":"en-US","potentialAction":[{"@type":"ReadAction","target":["https:\/\/anglocom.com\/en\/translator-toolbox\/"]}]},{"@type":"BreadcrumbList","@id":"https:\/\/anglocom.com\/en\/translator-toolbox\/#breadcrumb","itemListElement":[{"@type":"ListItem","position":1,"name":"Home","item":"https:\/\/anglocom.com\/en\/"},{"@type":"ListItem","position":2,"name":"Translator Toolbox"}]},{"@type":"WebSite","@id":"https:\/\/anglocom.com\/en\/#website","url":"https:\/\/anglocom.com\/en\/","name":"Anglocom","description":"Traduction et r\u00e9daction en fran\u00e7ais et en anglais au Qu\u00e9bec","potentialAction":[{"@type":"SearchAction","target":{"@type":"EntryPoint","urlTemplate":"https:\/\/anglocom.com\/en\/?s={search_term_string}"},"query-input":{"@type":"PropertyValueSpecification","valueRequired":true,"valueName":"search_term_string"}}],"inLanguage":"en-US"}]}},"_links":{"self":[{"href":"https:\/\/anglocom.com\/en\/wp-json\/wp\/v2\/pages\/564","targetHints":{"allow":["GET"]}}],"collection":[{"href":"https:\/\/anglocom.com\/en\/wp-json\/wp\/v2\/pages"}],"about":[{"href":"https:\/\/anglocom.com\/en\/wp-json\/wp\/v2\/types\/page"}],"author":[{"embeddable":true,"href":"https:\/\/anglocom.com\/en\/wp-json\/wp\/v2\/users\/3"}],"replies":[{"embeddable":true,"href":"https:\/\/anglocom.com\/en\/wp-json\/wp\/v2\/comments?post=564"}],"version-history":[{"count":0,"href":"https:\/\/anglocom.com\/en\/wp-json\/wp\/v2\/pages\/564\/revisions"}],"wp:attachment":[{"href":"https:\/\/anglocom.com\/en\/wp-json\/wp\/v2\/media?parent=564"}],"curies":[{"name":"wp","href":"https:\/\/api.w.org\/{rel}","templated":true}]}}