{"id":563,"date":"2016-08-24T15:37:46","date_gmt":"2016-08-24T15:37:46","guid":{"rendered":"https:\/\/anglocomprod.wpengine.com\/en\/?page_id=563"},"modified":"2023-05-12T11:04:56","modified_gmt":"2023-05-12T15:04:56","slug":"client-zone","status":"publish","type":"page","link":"https:\/\/anglocom.com\/en\/client-zone\/","title":{"rendered":"Client Zone"},"content":{"rendered":"<p>[et_pb_section bb_built=&#8221;1&#8243; fullwidth=&#8221;off&#8221; specialty=&#8221;off&#8221; background_image=&#8221;https:\/\/anglocom.com\/wp-content\/uploads\/2016\/12\/texture-filtre.jpg&#8221; transparent_background=&#8221;off&#8221; background_color=&#8221;#000000&#8243; allow_player_pause=&#8221;off&#8221; inner_shadow=&#8221;off&#8221; parallax=&#8221;off&#8221; parallax_method=&#8221;off&#8221; padding_mobile=&#8221;off&#8221; make_fullwidth=&#8221;off&#8221; use_custom_width=&#8221;off&#8221; width_unit=&#8221;on&#8221; make_equal=&#8221;off&#8221; use_custom_gutter=&#8221;off&#8221; custom_padding_tablet=&#8221;50px|0|50px|0&#8243; custom_padding_last_edited=&#8221;on|desktop&#8221; inner_width=&#8221;auto&#8221; inner_max_width=&#8221;1080px&#8221; next_background_color=&#8221;#FFFFFF&#8221;][et_pb_row admin_label=&#8221;Row&#8221; background_position=&#8221;top_left&#8221; background_repeat=&#8221;repeat&#8221; background_size=&#8221;initial&#8221; width=&#8221;80%&#8221; max_width=&#8221;1080px&#8221;][et_pb_column type=&#8221;4_4&#8243; custom_padding__hover=&#8221;|||&#8221; custom_padding=&#8221;|||&#8221;][et_pb_text admin_label=&#8221;Need something translated? Here\u2019s what to do!&#8221; background_layout=&#8221;dark&#8221; text_orientation=&#8221;center&#8221; text_font=&#8221;Roboto Condensed||||&#8221; text_font_size=&#8221;80&#8243; use_border_color=&#8221;off&#8221; border_color=&#8221;#ffffff&#8221; border_style=&#8221;solid&#8221; background_position=&#8221;top_left&#8221; background_repeat=&#8221;repeat&#8221; background_size=&#8221;initial&#8221; module_alignment=&#8221;center&#8221;]<\/p>\n<h1 style=\"font-size: 72px;\">Need something translated?<br \/>\nHere\u2019s what to do!<\/h1>\n<p>[\/et_pb_text][\/et_pb_column][\/et_pb_row][\/et_pb_section][et_pb_section bb_built=&#8221;1&#8243; fullwidth=&#8221;off&#8221; specialty=&#8221;off&#8221; inner_width=&#8221;auto&#8221; inner_max_width=&#8221;1080px&#8221; prev_background_color=&#8221;#000000&#8243; next_background_color=&#8221;#000000&#8243;][et_pb_row background_position=&#8221;top_left&#8221; background_repeat=&#8221;repeat&#8221; background_size=&#8221;initial&#8221; width=&#8221;80%&#8221; max_width=&#8221;1080px&#8221;][et_pb_column type=&#8221;2_3&#8243; custom_padding__hover=&#8221;|||&#8221; custom_padding=&#8221;|||&#8221;][et_pb_text admin_label=&#8221;Just one address to remember: anglocom@anglocom.com&#8221; background_layout=&#8221;light&#8221; text_orientation=&#8221;left&#8221; use_border_color=&#8221;off&#8221; border_color=&#8221;#ffffff&#8221; border_style=&#8221;solid&#8221; background_position=&#8221;top_left&#8221; background_repeat=&#8221;repeat&#8221; background_size=&#8221;initial&#8221;]<\/p>\n<h3><span style=\"color: #ee2125;\"><strong>Just one address to remember: <a style=\"color: #ee2125;\" href=\"mailto:anglocom@anglocom.com\">anglocom@anglocom.com<\/a><\/strong><\/span><\/h3>\n<ol>\n<li>Send your text to <a href=\"mailto:anglocom@anglocom.com\">anglocom@anglocom.com<\/a>.<\/li>\n<li>Indicate what you want done: translation, adaptation, copyediting, proofreading, etc.<\/li>\n<li>Attach any helpful reference materials (lexicons, pictures, previous translations on the same subject or with similar terminology, etc.).<\/li>\n<li>Say when you need the job back (date and time).<\/li>\n<li>Include the word URGENT in the email subject line if it\u2019s a rush job (our email filters search for \u201curgent\u201d and put those requests at the top of the list).<\/li>\n<li>Ask for a quotation if you need one first.<\/li>\n<li>Provide a file or order number as necessary and a billing address if different from your own.<\/li>\n<\/ol>\n<h3><strong>Quick turnaround<\/strong><\/h3>\n<ol>\n<li>Once we receive your email, we\u2019ll get back to you within the hour if it\u2019s rush, within two hours if it\u2019s not.<\/li>\n<li>We analyze your document: number of words, subject matter, level of difficulty, etc. If we\u2019re missing any information, our project manager will contact you.<\/li>\n<li>The project manager then confirms the delivery date and time and provides a reference number (and the cost if you\u2019ve asked for a quotation).<\/li>\n<li>And it\u2019s off to the races! We assign your job to two different people: a translator to do the first draft and a reviser to edit and perform quality control.<\/li>\n<li>The translator delivers the job once it\u2019s done.<\/li>\n<li>The invoice is emailed to the billing address you provided.<\/li>\n<\/ol>\n<p>Have questions about the translation? Call the translator directly or send your query by email. It\u2019s always best to copy the project manager on the email (anglocom@anglocom.com) in case the translator is absent.<\/p>\n<p>Want to add something? Need something else translated? Contact the project manager (anglocom@anglocom.com). Our project managers are the ones who update the translation management system with additions or new requests.<\/p>\n<p>[\/et_pb_text][\/et_pb_column][et_pb_column type=&#8221;1_3&#8243; custom_padding__hover=&#8221;|||&#8221; custom_padding=&#8221;|||&#8221;][et_pb_text admin_label=&#8221;Our services&#8221; saved_tabs=&#8221;all&#8221; background_layout=&#8221;light&#8221; text_orientation=&#8221;left&#8221; disabled=&#8221;off&#8221; disabled_on=&#8221;off|off|off&#8221; use_border_color=&#8221;off&#8221; border_color=&#8221;#ffffff&#8221; border_style=&#8221;solid&#8221; background_position=&#8221;top_left&#8221; background_repeat=&#8221;repeat&#8221; background_size=&#8221;initial&#8221; global_module=&#8221;616&#8243;]<\/p>\n<h3><a href=\"\/en\/our-services\/\"><img decoding=\"async\" class=\"alignnone wp-image-238 size-medium\" src=\"https:\/\/anglocom.com\/wp-content\/uploads\/2015\/09\/2C4A2354-300x200.jpg\" alt=\"2C4A2354\" width=\"300\" height=\"200\" srcset=\"https:\/\/anglocom.com\/wp-content\/uploads\/2015\/09\/2C4A2354-300x200.jpg 300w, https:\/\/anglocom.com\/wp-content\/uploads\/2015\/09\/2C4A2354-1024x683.jpg 1024w, https:\/\/anglocom.com\/wp-content\/uploads\/2015\/09\/2C4A2354-1080x720.jpg 1080w, https:\/\/anglocom.com\/wp-content\/uploads\/2015\/09\/2C4A2354.jpg 1500w\" sizes=\"(max-width: 300px) 100vw, 300px\" \/><\/a><\/h3>\n<h3>A Complete Range of Services<\/h3>\n<p><a href=\"\/en\/our-services\/\">Learn more &gt;<\/a><\/p>\n<p>[\/et_pb_text][et_pb_text admin_label=&#8221;The Right Word&#8221; background_layout=&#8221;light&#8221; text_orientation=&#8221;left&#8221; use_border_color=&#8221;off&#8221; border_color=&#8221;#ffffff&#8221; border_style=&#8221;solid&#8221; background_position=&#8221;top_left&#8221; background_repeat=&#8221;repeat&#8221; background_size=&#8221;initial&#8221;]<\/p>\n<p>\n<a href=\"\/en\/translator-toolbox\/\"><img decoding=\"async\" class=\"alignnone wp-image-334 size-medium\" src=\"https:\/\/anglocom.com\/wp-content\/uploads\/2015\/09\/2C4A2336-300x200.jpg\" alt=\"\" width=\"300\" height=\"200\" srcset=\"https:\/\/anglocom.com\/wp-content\/uploads\/2015\/09\/2C4A2336-300x200.jpg 300w, https:\/\/anglocom.com\/wp-content\/uploads\/2015\/09\/2C4A2336-1024x683.jpg 1024w, https:\/\/anglocom.com\/wp-content\/uploads\/2015\/09\/2C4A2336-1080x720.jpg 1080w, https:\/\/anglocom.com\/wp-content\/uploads\/2015\/09\/2C4A2336.jpg 1500w\" sizes=\"(max-width: 300px) 100vw, 300px\" \/><\/a><\/p>\n<h3>The Right Word<\/h3>\n<p>A potpourri of tips and other resources to help you with your translation challenges<br \/>\n<a href=\"\/en\/translator-toolbox\/\">Consult &gt;<\/a><\/p>\n<p>[\/et_pb_text][\/et_pb_column][\/et_pb_row][\/et_pb_section][et_pb_section bb_built=&#8221;1&#8243; custom_padding_last_edited=&#8221;on|desktop&#8221; _builder_version=&#8221;3.22&#8243; background_color=&#8221;#000000&#8243; custom_padding_tablet=&#8221;50px|0|50px|0&#8243; transparent_background=&#8221;off&#8221; padding_mobile=&#8221;off&#8221; make_fullwidth=&#8221;off&#8221; use_custom_width=&#8221;off&#8221; width_unit=&#8221;on&#8221; global_colors_info=&#8221;{}&#8221; prev_background_color=&#8221;#FFFFFF&#8221; inner_width=&#8221;auto&#8221; inner_max_width=&#8221;1080px&#8221; global_module=&#8221;2396&#8243;][et_pb_row global_parent=&#8221;2396&#8243; column_structure=&#8221;1_2,1_2&#8243; _builder_version=&#8221;4.16&#8243; background_size=&#8221;initial&#8221; background_position=&#8221;top_left&#8221; background_repeat=&#8221;repeat&#8221; make_fullwidth=&#8221;off&#8221; use_custom_width=&#8221;off&#8221; width_unit=&#8221;on&#8221; global_colors_info=&#8221;{}&#8221;][et_pb_column type=&#8221;1_2&#8243; global_parent=&#8221;2396&#8243; _builder_version=&#8221;4.16&#8243; custom_padding=&#8221;|||&#8221; global_colors_info=&#8221;{}&#8221; custom_padding__hover=&#8221;|||&#8221;][et_pb_text admin_label=&#8221;About us&#8221; global_parent=&#8221;2396&#8243; _builder_version=&#8221;4.20.0&#8243; background_size=&#8221;initial&#8221; background_position=&#8221;top_left&#8221; background_repeat=&#8221;repeat&#8221; background_layout=&#8221;dark&#8221; hover_enabled=&#8221;0&#8243; use_border_color=&#8221;off&#8221; border_color=&#8221;#ffffff&#8221; border_style=&#8221;solid&#8221; global_colors_info=&#8221;{}&#8221; sticky_enabled=&#8221;0&#8243;]<\/p>\n<h3>About us<\/h3>\n<p>At Anglocom, we actually have TWO core missions: deliver spot-on French for the Quebec market and provide reader-friendly English for the North American market. <a href=\"\/en\/about-us\/a-uniquely-different-agency\/\">Learn more &gt;<\/a><\/p>\n<p>[\/et_pb_text][et_pb_social_media_follow admin_label=&#8221;Social network&#8221; global_parent=&#8221;2396&#8243; _builder_version=&#8221;4.16&#8243; background_layout=&#8221;dark&#8221; border_radii=&#8221;on|100%|100%|100%|100%&#8221; link_shape=&#8221;circle&#8221; global_colors_info=&#8221;{}&#8221;][et_pb_social_media_follow_network social_network=&#8221;twitter&#8221; url=&#8221;https:\/\/twitter.com\/anglais&#8221; _builder_version=&#8221;4.16&#8243; background_color=&#8221;#00aced&#8221; bg_color=&#8221;#00aced&#8221; global_colors_info=&#8221;{}&#8221; follow_button=&#8221;off&#8221; url_new_window=&#8221;on&#8221;] Twitter [\/et_pb_social_media_follow_network][et_pb_social_media_follow_network social_network=&#8221;rss&#8221; url=&#8221;https:\/\/anglocom.com\/en\/feed\/&#8221; _builder_version=&#8221;4.16&#8243; background_color=&#8221;#ff8a3c&#8221; bg_color=&#8221;#ff8a3c&#8221; global_colors_info=&#8221;{}&#8221; follow_button=&#8221;off&#8221; url_new_window=&#8221;on&#8221;] RSS [\/et_pb_social_media_follow_network][et_pb_social_media_follow_network social_network=&#8221;linkedin&#8221; url=&#8221;https:\/\/ca.linkedin.com\/company\/anglocom&#8221; _builder_version=&#8221;4.16&#8243; background_color=&#8221;#007bb6&#8243; bg_color=&#8221;#007bb6&#8243; global_colors_info=&#8221;{}&#8221; follow_button=&#8221;off&#8221; url_new_window=&#8221;on&#8221;] LinkedIn [\/et_pb_social_media_follow_network][\/et_pb_social_media_follow][\/et_pb_column][et_pb_column type=&#8221;1_2&#8243; global_parent=&#8221;2396&#8243; _builder_version=&#8221;4.16&#8243; custom_padding=&#8221;|||&#8221; global_colors_info=&#8221;{}&#8221; custom_padding__hover=&#8221;|||&#8221;][et_pb_text admin_label=&#8221;Contact us&#8221; global_parent=&#8221;2396&#8243; module_class=&#8221;no-link-color&#8221; _builder_version=&#8221;4.20.0&#8243; vertical_offset_tablet=&#8221;0&#8243; horizontal_offset_tablet=&#8221;0&#8243; background_layout=&#8221;dark&#8221; z_index_tablet=&#8221;0&#8243; text_text_shadow_horizontal_length_tablet=&#8221;0px&#8221; text_text_shadow_vertical_length_tablet=&#8221;0px&#8221; text_text_shadow_blur_strength_tablet=&#8221;1px&#8221; link_text_shadow_horizontal_length_tablet=&#8221;0px&#8221; link_text_shadow_vertical_length_tablet=&#8221;0px&#8221; link_text_shadow_blur_strength_tablet=&#8221;1px&#8221; ul_text_shadow_horizontal_length_tablet=&#8221;0px&#8221; ul_text_shadow_vertical_length_tablet=&#8221;0px&#8221; ul_text_shadow_blur_strength_tablet=&#8221;1px&#8221; ol_text_shadow_horizontal_length_tablet=&#8221;0px&#8221; ol_text_shadow_vertical_length_tablet=&#8221;0px&#8221; ol_text_shadow_blur_strength_tablet=&#8221;1px&#8221; quote_text_shadow_horizontal_length_tablet=&#8221;0px&#8221; quote_text_shadow_vertical_length_tablet=&#8221;0px&#8221; quote_text_shadow_blur_strength_tablet=&#8221;1px&#8221; header_text_shadow_horizontal_length_tablet=&#8221;0px&#8221; header_text_shadow_vertical_length_tablet=&#8221;0px&#8221; header_text_shadow_blur_strength_tablet=&#8221;1px&#8221; header_2_text_shadow_horizontal_length_tablet=&#8221;0px&#8221; header_2_text_shadow_vertical_length_tablet=&#8221;0px&#8221; header_2_text_shadow_blur_strength_tablet=&#8221;1px&#8221; header_3_text_shadow_horizontal_length_tablet=&#8221;0px&#8221; header_3_text_shadow_vertical_length_tablet=&#8221;0px&#8221; header_3_text_shadow_blur_strength_tablet=&#8221;1px&#8221; header_4_text_shadow_horizontal_length_tablet=&#8221;0px&#8221; header_4_text_shadow_vertical_length_tablet=&#8221;0px&#8221; header_4_text_shadow_blur_strength_tablet=&#8221;1px&#8221; header_5_text_shadow_horizontal_length_tablet=&#8221;0px&#8221; header_5_text_shadow_vertical_length_tablet=&#8221;0px&#8221; header_5_text_shadow_blur_strength_tablet=&#8221;1px&#8221; header_6_text_shadow_horizontal_length_tablet=&#8221;0px&#8221; header_6_text_shadow_vertical_length_tablet=&#8221;0px&#8221; header_6_text_shadow_blur_strength_tablet=&#8221;1px&#8221; box_shadow_horizontal_tablet=&#8221;0px&#8221; box_shadow_vertical_tablet=&#8221;0px&#8221; box_shadow_blur_tablet=&#8221;40px&#8221; box_shadow_spread_tablet=&#8221;0px&#8221; global_colors_info=&#8221;{}&#8221;]<\/p>\n<h3>Contact us<\/h3>\n<p>276 Saint-Jacques\u00a0Street, Suite 900, Montreal, Quebec, Canada H2Y 1N3<br \/>Montreal: <a href=\"tel:5147801707\">514-780-1707<\/a><br \/>Quebec City: <a href=\"tel:4185296928\">418-529-6928<\/a><br \/>Toll free in Canada and US: <a href=\"tel:18665296928\">1-866-529-6928<\/a><br \/>International: <a href=\"tel:14185296928%20\">1-418-529-6928<\/a><\/p>\n<p>[\/et_pb_text][\/et_pb_column][\/et_pb_row][\/et_pb_section]<\/p>\n","protected":false},"excerpt":{"rendered":"<p>Need something translated? Here\u2019s what to do! Just one address to remember: anglocom@anglocom.com Send your text to anglocom@anglocom.com. Indicate what you want done: translation, adaptation, copyediting, proofreading, etc. Attach any helpful reference materials (lexicons, pictures, previous translations on the same subject or with similar terminology, etc.). Say when you need the job back (date and [&hellip;]<\/p>\n","protected":false},"author":3,"featured_media":0,"parent":0,"menu_order":25,"comment_status":"closed","ping_status":"closed","template":"","meta":{"_acf_changed":false,"_et_pb_use_builder":"on","_et_pb_old_content":"","_et_gb_content_width":"","content-type":"","_monsterinsights_skip_tracking":false,"_monsterinsights_sitenote_active":false,"_monsterinsights_sitenote_note":"","_monsterinsights_sitenote_category":0,"footnotes":""},"class_list":["post-563","page","type-page","status-publish","hentry"],"acf":[],"yoast_head":"<!-- This site is optimized with the Yoast SEO plugin v27.2 - https:\/\/yoast.com\/product\/yoast-seo-wordpress\/ -->\n<title>Contact us | Need something translated? Here\u2019s what to do!<\/title>\n<meta name=\"description\" content=\"It\u2019s convenient and fast to request and receive a translation from Anglocom. Contact us today.\" \/>\n<meta name=\"robots\" content=\"index, follow, max-snippet:-1, max-image-preview:large, max-video-preview:-1\" \/>\n<link rel=\"canonical\" href=\"https:\/\/anglocom.com\/en\/client-zone\/\" \/>\n<meta property=\"og:locale\" content=\"en_US\" \/>\n<meta property=\"og:type\" content=\"article\" \/>\n<meta property=\"og:title\" content=\"Contact us | Need something translated? Here\u2019s what to do!\" \/>\n<meta property=\"og:description\" content=\"It\u2019s convenient and fast to request and receive a translation from Anglocom. Contact us today.\" \/>\n<meta property=\"og:url\" content=\"https:\/\/anglocom.com\/en\/client-zone\/\" \/>\n<meta property=\"og:site_name\" content=\"Anglocom\" \/>\n<meta property=\"article:modified_time\" content=\"2023-05-12T15:04:56+00:00\" \/>\n<meta property=\"og:image\" content=\"https:\/\/anglocom.com\/wp-content\/uploads\/2015\/09\/2C4A2354-300x200.jpg\" \/>\n<meta name=\"twitter:card\" content=\"summary_large_image\" \/>\n<meta name=\"twitter:label1\" content=\"Est. reading time\" \/>\n\t<meta name=\"twitter:data1\" content=\"4 minutes\" \/>\n<script type=\"application\/ld+json\" class=\"yoast-schema-graph\">{\"@context\":\"https:\/\/schema.org\",\"@graph\":[{\"@type\":\"WebPage\",\"@id\":\"https:\/\/anglocom.com\/en\/client-zone\/\",\"url\":\"https:\/\/anglocom.com\/en\/client-zone\/\",\"name\":\"Contact us | Need something translated? Here\u2019s what to do!\",\"isPartOf\":{\"@id\":\"https:\/\/anglocom.com\/en\/#website\"},\"primaryImageOfPage\":{\"@id\":\"https:\/\/anglocom.com\/en\/client-zone\/#primaryimage\"},\"image\":{\"@id\":\"https:\/\/anglocom.com\/en\/client-zone\/#primaryimage\"},\"thumbnailUrl\":\"https:\/\/anglocom.com\/wp-content\/uploads\/2015\/09\/2C4A2354-300x200.jpg\",\"datePublished\":\"2016-08-24T15:37:46+00:00\",\"dateModified\":\"2023-05-12T15:04:56+00:00\",\"description\":\"It\u2019s convenient and fast to request and receive a translation from Anglocom. Contact us today.\",\"breadcrumb\":{\"@id\":\"https:\/\/anglocom.com\/en\/client-zone\/#breadcrumb\"},\"inLanguage\":\"en-US\",\"potentialAction\":[{\"@type\":\"ReadAction\",\"target\":[\"https:\/\/anglocom.com\/en\/client-zone\/\"]}]},{\"@type\":\"ImageObject\",\"inLanguage\":\"en-US\",\"@id\":\"https:\/\/anglocom.com\/en\/client-zone\/#primaryimage\",\"url\":\"https:\/\/anglocom.com\/wp-content\/uploads\/2015\/09\/2C4A2354-300x200.jpg\",\"contentUrl\":\"https:\/\/anglocom.com\/wp-content\/uploads\/2015\/09\/2C4A2354-300x200.jpg\"},{\"@type\":\"BreadcrumbList\",\"@id\":\"https:\/\/anglocom.com\/en\/client-zone\/#breadcrumb\",\"itemListElement\":[{\"@type\":\"ListItem\",\"position\":1,\"name\":\"Home\",\"item\":\"https:\/\/anglocom.com\/en\/\"},{\"@type\":\"ListItem\",\"position\":2,\"name\":\"Client Zone\"}]},{\"@type\":\"WebSite\",\"@id\":\"https:\/\/anglocom.com\/en\/#website\",\"url\":\"https:\/\/anglocom.com\/en\/\",\"name\":\"Anglocom\",\"description\":\"Traduction et r\u00e9daction en fran\u00e7ais et en anglais au Qu\u00e9bec\",\"potentialAction\":[{\"@type\":\"SearchAction\",\"target\":{\"@type\":\"EntryPoint\",\"urlTemplate\":\"https:\/\/anglocom.com\/en\/?s={search_term_string}\"},\"query-input\":{\"@type\":\"PropertyValueSpecification\",\"valueRequired\":true,\"valueName\":\"search_term_string\"}}],\"inLanguage\":\"en-US\"}]}<\/script>\n<!-- \/ Yoast SEO plugin. -->","yoast_head_json":{"title":"Contact us | Need something translated? Here\u2019s what to do!","description":"It\u2019s convenient and fast to request and receive a translation from Anglocom. Contact us today.","robots":{"index":"index","follow":"follow","max-snippet":"max-snippet:-1","max-image-preview":"max-image-preview:large","max-video-preview":"max-video-preview:-1"},"canonical":"https:\/\/anglocom.com\/en\/client-zone\/","og_locale":"en_US","og_type":"article","og_title":"Contact us | Need something translated? Here\u2019s what to do!","og_description":"It\u2019s convenient and fast to request and receive a translation from Anglocom. Contact us today.","og_url":"https:\/\/anglocom.com\/en\/client-zone\/","og_site_name":"Anglocom","article_modified_time":"2023-05-12T15:04:56+00:00","og_image":[{"url":"https:\/\/anglocom.com\/wp-content\/uploads\/2015\/09\/2C4A2354-300x200.jpg","type":"","width":"","height":""}],"twitter_card":"summary_large_image","twitter_misc":{"Est. reading time":"4 minutes"},"schema":{"@context":"https:\/\/schema.org","@graph":[{"@type":"WebPage","@id":"https:\/\/anglocom.com\/en\/client-zone\/","url":"https:\/\/anglocom.com\/en\/client-zone\/","name":"Contact us | Need something translated? Here\u2019s what to do!","isPartOf":{"@id":"https:\/\/anglocom.com\/en\/#website"},"primaryImageOfPage":{"@id":"https:\/\/anglocom.com\/en\/client-zone\/#primaryimage"},"image":{"@id":"https:\/\/anglocom.com\/en\/client-zone\/#primaryimage"},"thumbnailUrl":"https:\/\/anglocom.com\/wp-content\/uploads\/2015\/09\/2C4A2354-300x200.jpg","datePublished":"2016-08-24T15:37:46+00:00","dateModified":"2023-05-12T15:04:56+00:00","description":"It\u2019s convenient and fast to request and receive a translation from Anglocom. Contact us today.","breadcrumb":{"@id":"https:\/\/anglocom.com\/en\/client-zone\/#breadcrumb"},"inLanguage":"en-US","potentialAction":[{"@type":"ReadAction","target":["https:\/\/anglocom.com\/en\/client-zone\/"]}]},{"@type":"ImageObject","inLanguage":"en-US","@id":"https:\/\/anglocom.com\/en\/client-zone\/#primaryimage","url":"https:\/\/anglocom.com\/wp-content\/uploads\/2015\/09\/2C4A2354-300x200.jpg","contentUrl":"https:\/\/anglocom.com\/wp-content\/uploads\/2015\/09\/2C4A2354-300x200.jpg"},{"@type":"BreadcrumbList","@id":"https:\/\/anglocom.com\/en\/client-zone\/#breadcrumb","itemListElement":[{"@type":"ListItem","position":1,"name":"Home","item":"https:\/\/anglocom.com\/en\/"},{"@type":"ListItem","position":2,"name":"Client Zone"}]},{"@type":"WebSite","@id":"https:\/\/anglocom.com\/en\/#website","url":"https:\/\/anglocom.com\/en\/","name":"Anglocom","description":"Traduction et r\u00e9daction en fran\u00e7ais et en anglais au Qu\u00e9bec","potentialAction":[{"@type":"SearchAction","target":{"@type":"EntryPoint","urlTemplate":"https:\/\/anglocom.com\/en\/?s={search_term_string}"},"query-input":{"@type":"PropertyValueSpecification","valueRequired":true,"valueName":"search_term_string"}}],"inLanguage":"en-US"}]}},"_links":{"self":[{"href":"https:\/\/anglocom.com\/en\/wp-json\/wp\/v2\/pages\/563","targetHints":{"allow":["GET"]}}],"collection":[{"href":"https:\/\/anglocom.com\/en\/wp-json\/wp\/v2\/pages"}],"about":[{"href":"https:\/\/anglocom.com\/en\/wp-json\/wp\/v2\/types\/page"}],"author":[{"embeddable":true,"href":"https:\/\/anglocom.com\/en\/wp-json\/wp\/v2\/users\/3"}],"replies":[{"embeddable":true,"href":"https:\/\/anglocom.com\/en\/wp-json\/wp\/v2\/comments?post=563"}],"version-history":[{"count":0,"href":"https:\/\/anglocom.com\/en\/wp-json\/wp\/v2\/pages\/563\/revisions"}],"wp:attachment":[{"href":"https:\/\/anglocom.com\/en\/wp-json\/wp\/v2\/media?parent=563"}],"curies":[{"name":"wp","href":"https:\/\/api.w.org\/{rel}","templated":true}]}}