{"id":3385,"date":"2015-09-15T14:23:41","date_gmt":"2015-09-15T14:23:41","guid":{"rendered":"https:\/\/anglocomprod.wpengine.com\/evenements-et-formations\/"},"modified":"2017-10-12T10:07:15","modified_gmt":"2017-10-12T14:07:15","slug":"events-and-workshops","status":"publish","type":"page","link":"https:\/\/anglocom.com\/en\/events-and-workshops\/","title":{"rendered":"Events and workshops"},"content":{"rendered":"<p>[et_pb_section bb_built=&#8221;1&#8243; fullwidth=&#8221;off&#8221; specialty=&#8221;off&#8221; background_image=&#8221;https:\/\/anglocom.com\/wp-content\/uploads\/2015\/09\/header-livres.jpg&#8221; transparent_background=&#8221;off&#8221; background_color=&#8221;#000000&#8243; allow_player_pause=&#8221;off&#8221; inner_shadow=&#8221;off&#8221; parallax=&#8221;off&#8221; parallax_method=&#8221;off&#8221; padding_mobile=&#8221;off&#8221; make_fullwidth=&#8221;off&#8221; use_custom_width=&#8221;off&#8221; width_unit=&#8221;on&#8221; make_equal=&#8221;off&#8221; use_custom_gutter=&#8221;off&#8221; module_class=&#8221;header-section&#8221; custom_padding_tablet=&#8221;50px|0|50px|0&#8243; custom_padding_last_edited=&#8221;on|desktop&#8221;][et_pb_row admin_label=&#8221;Row&#8221; make_fullwidth=&#8221;off&#8221; use_custom_width=&#8221;off&#8221; width_unit=&#8221;on&#8221; use_custom_gutter=&#8221;off&#8221; padding_mobile=&#8221;off&#8221; module_class=&#8221;header-row&#8221; allow_player_pause=&#8221;off&#8221; parallax=&#8221;off&#8221; parallax_method=&#8221;off&#8221; make_equal=&#8221;off&#8221; column_padding_mobile=&#8221;on&#8221; background_position=&#8221;top_left&#8221; background_repeat=&#8221;repeat&#8221; background_size=&#8221;initial&#8221;][et_pb_column type=&#8221;4_4&#8243;][et_pb_text admin_label=&#8221;Titre de la page&#8221; background_layout=&#8221;dark&#8221; text_orientation=&#8221;center&#8221; text_font=&#8221;Roboto Condensed||||&#8221; text_font_size=&#8221;80&#8243; border_style=&#8221;solid&#8221; module_class=&#8221;header-text&#8221; module_alignment=&#8221;center&#8221; background_position=&#8221;top_left&#8221; background_repeat=&#8221;repeat&#8221; background_size=&#8221;initial&#8221; _builder_version=&#8221;3.0.80&#8243;]<\/p>\n<h1 style=\"font-size: 72px;\">Events and workshops<\/h1>\n<p>[\/et_pb_text][\/et_pb_column][\/et_pb_row][\/et_pb_section][et_pb_section bb_built=&#8221;1&#8243; fullwidth=&#8221;off&#8221; specialty=&#8221;off&#8221;][et_pb_row admin_label=&#8221;Row&#8221; background_position=&#8221;top_left&#8221; background_repeat=&#8221;repeat&#8221; background_size=&#8221;initial&#8221;][et_pb_column type=&#8221;2_3&#8243;][et_pb_blog fullwidth=&#8221;on&#8221; include_categories=&#8221;79&#8243; show_thumbnail=&#8221;off&#8221; show_content=&#8221;off&#8221; show_more=&#8221;off&#8221; show_author=&#8221;off&#8221; show_date=&#8221;on&#8221; show_categories=&#8221;off&#8221; show_comments=&#8221;off&#8221; show_pagination=&#8221;off&#8221; offset_number=&#8221;0&#8243; background_layout=&#8221;light&#8221; use_dropshadow=&#8221;off&#8221; border_style=&#8221;solid&#8221; posts_number=&#8221;99&#8243; _builder_version=&#8221;3.0.80&#8243; use_overlay=&#8221;off&#8221; pagination_font_size_tablet=&#8221;51&#8243; pagination_line_height_tablet=&#8221;2&#8243; \/][\/et_pb_column][et_pb_column type=&#8221;1_3&#8243;][et_pb_text admin_label=&#8221;Text&#8221; background_layout=&#8221;light&#8221; text_orientation=&#8221;left&#8221; use_border_color=&#8221;off&#8221; border_color=&#8221;#ffffff&#8221; border_style=&#8221;solid&#8221; background_color=&#8221;#e8e8e8&#8243; custom_padding=&#8221;40px|40px|40px|40px&#8221; module_alignment=&#8221;left&#8221; background_position=&#8221;top_left&#8221; background_repeat=&#8221;repeat&#8221; background_size=&#8221;initial&#8221;]<\/p>\n<p>Donec vitae est pretium, scelerisque magna eget, vulputate est. Nam in velit magna. Praesent interdum eros nec tortor dictum convallis. Maecenas efficitur tristique tellus, non varius dui feugiat a. Curabitur mattis velit vel tempus sollicitudin. Cras mattis tellus non iaculis sagittis. Sed molestie est eget velit pharetra, vitae euismod nibh euismod. Donec molestie pellentesque diam eu ultricies. Donec porta urna neque, eu feugiat risus posuere in. Praesent aliquet aliquet imperdiet. Suspendisse et diam et nulla posuere ullamcorper.<\/p>\n<p>[\/et_pb_text][\/et_pb_column][\/et_pb_row][\/et_pb_section][et_pb_section bb_built=&#8221;1&#8243; fullwidth=&#8221;off&#8221; specialty=&#8221;off&#8221; transparent_background=&#8221;off&#8221; background_color=&#8221;#dd3333&#8243; allow_player_pause=&#8221;off&#8221; inner_shadow=&#8221;off&#8221; parallax=&#8221;off&#8221; parallax_method=&#8221;off&#8221; padding_mobile=&#8221;off&#8221; make_fullwidth=&#8221;off&#8221; use_custom_width=&#8221;off&#8221; width_unit=&#8221;on&#8221; make_equal=&#8221;off&#8221; use_custom_gutter=&#8221;off&#8221; custom_padding_tablet=&#8221;50px|0|50px|0&#8243; custom_padding_last_edited=&#8221;on|desktop&#8221; global_module=&#8221;2546&#8243;][et_pb_row admin_label=&#8221;Row&#8221; global_parent=&#8221;2546&#8243; make_fullwidth=&#8221;off&#8221; use_custom_width=&#8221;off&#8221; width_unit=&#8221;on&#8221; use_custom_gutter=&#8221;off&#8221; custom_padding=&#8221;50px|50px&#8221; padding_mobile=&#8221;off&#8221; allow_player_pause=&#8221;off&#8221; parallax=&#8221;off&#8221; parallax_method=&#8221;off&#8221; make_equal=&#8221;off&#8221; column_padding_mobile=&#8221;on&#8221;][et_pb_column type=&#8221;4_4&#8243;][et_pb_cta admin_label=&#8221;Get our daily translation and writing tips&#8221; global_parent=&#8221;2546&#8243; title=&#8221;Get our daily translation and writing tips&#8221; button_url=&#8221;https:\/\/twitter.com\/anglais&#8221; url_new_window=&#8221;on&#8221; button_text=&#8221;Follow Us on Twitter&#8221; use_background_color=&#8221;off&#8221; background_layout=&#8221;dark&#8221; border_style=&#8221;solid&#8221; custom_button=&#8221;on&#8221; button_letter_spacing=&#8221;0&#8243; button_icon_placement=&#8221;right&#8221; button_letter_spacing_hover=&#8221;0&#8243; button_border_width=&#8221;1&#8243; button_border_radius=&#8221;0&#8243; button_border_radius_hover=&#8221;0&#8243; button_border_color=&#8221;#ffffff&#8221; saved_tabs=&#8221;all&#8221; _builder_version=&#8221;3.0.75&#8243; \/][\/et_pb_column][\/et_pb_row][\/et_pb_section][et_pb_section bb_built=&#8221;1&#8243; fullwidth=&#8221;off&#8221; specialty=&#8221;off&#8221; transparent_background=&#8221;off&#8221; background_color=&#8221;#000000&#8243; allow_player_pause=&#8221;off&#8221; inner_shadow=&#8221;off&#8221; parallax=&#8221;off&#8221; parallax_method=&#8221;off&#8221; padding_mobile=&#8221;off&#8221; make_fullwidth=&#8221;off&#8221; use_custom_width=&#8221;off&#8221; width_unit=&#8221;on&#8221; make_equal=&#8221;off&#8221; use_custom_gutter=&#8221;off&#8221; custom_padding_tablet=&#8221;50px|0|50px|0&#8243; custom_padding_last_edited=&#8221;on|desktop&#8221; global_module=&#8221;2396&#8243;][et_pb_row global_parent=&#8221;2396&#8243; make_fullwidth=&#8221;off&#8221; use_custom_width=&#8221;off&#8221; width_unit=&#8221;on&#8221; use_custom_gutter=&#8221;off&#8221; allow_player_pause=&#8221;off&#8221; parallax=&#8221;off&#8221; parallax_method=&#8221;off&#8221; make_equal=&#8221;off&#8221; parallax_1=&#8221;off&#8221; parallax_method_1=&#8221;off&#8221; parallax_2=&#8221;off&#8221; parallax_method_2=&#8221;off&#8221; background_position=&#8221;top_left&#8221; background_repeat=&#8221;repeat&#8221; background_size=&#8221;initial&#8221;][et_pb_column type=&#8221;1_2&#8243;][et_pb_text admin_label=&#8221;About us&#8221; global_parent=&#8221;2396&#8243; background_layout=&#8221;dark&#8221; text_orientation=&#8221;left&#8221; use_border_color=&#8221;off&#8221; border_color=&#8221;#ffffff&#8221; border_style=&#8221;solid&#8221; background_position=&#8221;top_left&#8221; background_repeat=&#8221;repeat&#8221; background_size=&#8221;initial&#8221;]<\/p>\n<h3>About us<\/h3>\n<p>At Anglocom, we actually have TWO core missions: deliver spot-on French for the Quebec market and provide reader-friendly English for the North American market. <a href=\"en\/about-us\/a-uniquely-different-agency\/\">Learn more &gt;<\/a><\/p>\n<p>[\/et_pb_text][et_pb_social_media_follow admin_label=&#8221;Social network&#8221; global_parent=&#8221;2396&#8243; link_shape=&#8221;circle&#8221; background_layout=&#8221;dark&#8221; url_new_window=&#8221;on&#8221; follow_button=&#8221;off&#8221; _builder_version=&#8221;3.0.51&#8243;]<\/p>\n<p>[et_pb_social_media_follow_network social_network=&#8221;twitter&#8221; url=&#8221;https:\/\/twitter.com\/anglais&#8221; skype_action=&#8221;call&#8221; bg_color=&#8221;#00aced&#8221;] Twitter [\/et_pb_social_media_follow_network][et_pb_social_media_follow_network social_network=&#8221;rss&#8221; url=&#8221;https:\/\/anglocom.com\/en\/feed\/&#8221; skype_action=&#8221;call&#8221; bg_color=&#8221;#ff8a3c&#8221;] RSS [\/et_pb_social_media_follow_network][et_pb_social_media_follow_network social_network=&#8221;linkedin&#8221; url=&#8221;https:\/\/ca.linkedin.com\/company\/anglocom&#8221; skype_action=&#8221;call&#8221; bg_color=&#8221;#007bb6&#8243;] LinkedIn [\/et_pb_social_media_follow_network]<\/p>\n<p>[\/et_pb_social_media_follow][\/et_pb_column][et_pb_column type=&#8221;1_2&#8243;][et_pb_text admin_label=&#8221;Contact us&#8221; global_parent=&#8221;2396&#8243; background_layout=&#8221;dark&#8221; border_style=&#8221;solid&#8221; _builder_version=&#8221;3.0.75&#8243;]<\/p>\n<h3>Contact us<\/h3>\n<p>300 rue \u00a0Saint-Paul, Suite 210, Quebec City, Quebec,\u00a0Canada G1K 7R1<br \/> Montreal: 514-780-1707<br \/> Quebec City: 418-529-6928<br \/> Toll free in Canada and US: 1-866-529-6928<br \/> International: 1-418-529-6928<\/p>\n<p>[\/et_pb_text][\/et_pb_column][\/et_pb_row][\/et_pb_section]<\/p>\n","protected":false},"excerpt":{"rendered":"<p>Events and workshops Donec vitae est pretium, scelerisque magna eget, vulputate est. Nam in velit magna. Praesent interdum eros nec tortor dictum convallis. Maecenas efficitur tristique tellus, non varius dui feugiat a. Curabitur mattis velit vel tempus sollicitudin. Cras mattis tellus non iaculis sagittis. Sed molestie est eget velit pharetra, vitae euismod nibh euismod. Donec [&hellip;]<\/p>\n","protected":false},"author":3,"featured_media":0,"parent":0,"menu_order":59,"comment_status":"closed","ping_status":"closed","template":"","meta":{"_acf_changed":false,"_et_pb_use_builder":"on","_et_pb_old_content":"","_et_gb_content_width":"","content-type":"","_monsterinsights_skip_tracking":false,"_monsterinsights_sitenote_active":false,"_monsterinsights_sitenote_note":"","_monsterinsights_sitenote_category":0,"footnotes":""},"class_list":["post-3385","page","type-page","status-publish","hentry"],"acf":[],"yoast_head":"<!-- This site is optimized with the Yoast SEO plugin v27.2 - https:\/\/yoast.com\/product\/yoast-seo-wordpress\/ -->\n<title>Events and workshops - Anglocom<\/title>\n<meta name=\"robots\" content=\"index, follow, max-snippet:-1, max-image-preview:large, max-video-preview:-1\" \/>\n<link rel=\"canonical\" href=\"https:\/\/anglocom.com\/en\/events-and-workshops\/\" \/>\n<meta property=\"og:locale\" content=\"en_US\" \/>\n<meta property=\"og:type\" content=\"article\" \/>\n<meta property=\"og:title\" content=\"Events and workshops - Anglocom\" \/>\n<meta property=\"og:description\" content=\"Events and workshops Donec vitae est pretium, scelerisque magna eget, vulputate est. Nam in velit magna. Praesent interdum eros nec tortor dictum convallis. Maecenas efficitur tristique tellus, non varius dui feugiat a. Curabitur mattis velit vel tempus sollicitudin. Cras mattis tellus non iaculis sagittis. Sed molestie est eget velit pharetra, vitae euismod nibh euismod. Donec [&hellip;]\" \/>\n<meta property=\"og:url\" content=\"https:\/\/anglocom.com\/en\/events-and-workshops\/\" \/>\n<meta property=\"og:site_name\" content=\"Anglocom\" \/>\n<meta property=\"article:modified_time\" content=\"2017-10-12T14:07:15+00:00\" \/>\n<meta name=\"twitter:card\" content=\"summary_large_image\" \/>\n<meta name=\"twitter:label1\" content=\"Est. reading time\" \/>\n\t<meta name=\"twitter:data1\" content=\"5 minutes\" \/>\n<script type=\"application\/ld+json\" class=\"yoast-schema-graph\">{\"@context\":\"https:\/\/schema.org\",\"@graph\":[{\"@type\":\"WebPage\",\"@id\":\"https:\/\/anglocom.com\/en\/events-and-workshops\/\",\"url\":\"https:\/\/anglocom.com\/en\/events-and-workshops\/\",\"name\":\"Events and workshops - Anglocom\",\"isPartOf\":{\"@id\":\"https:\/\/anglocom.com\/en\/#website\"},\"datePublished\":\"2015-09-15T14:23:41+00:00\",\"dateModified\":\"2017-10-12T14:07:15+00:00\",\"breadcrumb\":{\"@id\":\"https:\/\/anglocom.com\/en\/events-and-workshops\/#breadcrumb\"},\"inLanguage\":\"en-US\",\"potentialAction\":[{\"@type\":\"ReadAction\",\"target\":[\"https:\/\/anglocom.com\/en\/events-and-workshops\/\"]}]},{\"@type\":\"BreadcrumbList\",\"@id\":\"https:\/\/anglocom.com\/en\/events-and-workshops\/#breadcrumb\",\"itemListElement\":[{\"@type\":\"ListItem\",\"position\":1,\"name\":\"Home\",\"item\":\"https:\/\/anglocom.com\/en\/\"},{\"@type\":\"ListItem\",\"position\":2,\"name\":\"Events and workshops\"}]},{\"@type\":\"WebSite\",\"@id\":\"https:\/\/anglocom.com\/en\/#website\",\"url\":\"https:\/\/anglocom.com\/en\/\",\"name\":\"Anglocom\",\"description\":\"Traduction et r\u00e9daction en fran\u00e7ais et en anglais au Qu\u00e9bec\",\"potentialAction\":[{\"@type\":\"SearchAction\",\"target\":{\"@type\":\"EntryPoint\",\"urlTemplate\":\"https:\/\/anglocom.com\/en\/?s={search_term_string}\"},\"query-input\":{\"@type\":\"PropertyValueSpecification\",\"valueRequired\":true,\"valueName\":\"search_term_string\"}}],\"inLanguage\":\"en-US\"}]}<\/script>\n<!-- \/ Yoast SEO plugin. -->","yoast_head_json":{"title":"Events and workshops - Anglocom","robots":{"index":"index","follow":"follow","max-snippet":"max-snippet:-1","max-image-preview":"max-image-preview:large","max-video-preview":"max-video-preview:-1"},"canonical":"https:\/\/anglocom.com\/en\/events-and-workshops\/","og_locale":"en_US","og_type":"article","og_title":"Events and workshops - Anglocom","og_description":"Events and workshops Donec vitae est pretium, scelerisque magna eget, vulputate est. Nam in velit magna. Praesent interdum eros nec tortor dictum convallis. Maecenas efficitur tristique tellus, non varius dui feugiat a. Curabitur mattis velit vel tempus sollicitudin. Cras mattis tellus non iaculis sagittis. Sed molestie est eget velit pharetra, vitae euismod nibh euismod. Donec [&hellip;]","og_url":"https:\/\/anglocom.com\/en\/events-and-workshops\/","og_site_name":"Anglocom","article_modified_time":"2017-10-12T14:07:15+00:00","twitter_card":"summary_large_image","twitter_misc":{"Est. reading time":"5 minutes"},"schema":{"@context":"https:\/\/schema.org","@graph":[{"@type":"WebPage","@id":"https:\/\/anglocom.com\/en\/events-and-workshops\/","url":"https:\/\/anglocom.com\/en\/events-and-workshops\/","name":"Events and workshops - Anglocom","isPartOf":{"@id":"https:\/\/anglocom.com\/en\/#website"},"datePublished":"2015-09-15T14:23:41+00:00","dateModified":"2017-10-12T14:07:15+00:00","breadcrumb":{"@id":"https:\/\/anglocom.com\/en\/events-and-workshops\/#breadcrumb"},"inLanguage":"en-US","potentialAction":[{"@type":"ReadAction","target":["https:\/\/anglocom.com\/en\/events-and-workshops\/"]}]},{"@type":"BreadcrumbList","@id":"https:\/\/anglocom.com\/en\/events-and-workshops\/#breadcrumb","itemListElement":[{"@type":"ListItem","position":1,"name":"Home","item":"https:\/\/anglocom.com\/en\/"},{"@type":"ListItem","position":2,"name":"Events and workshops"}]},{"@type":"WebSite","@id":"https:\/\/anglocom.com\/en\/#website","url":"https:\/\/anglocom.com\/en\/","name":"Anglocom","description":"Traduction et r\u00e9daction en fran\u00e7ais et en anglais au Qu\u00e9bec","potentialAction":[{"@type":"SearchAction","target":{"@type":"EntryPoint","urlTemplate":"https:\/\/anglocom.com\/en\/?s={search_term_string}"},"query-input":{"@type":"PropertyValueSpecification","valueRequired":true,"valueName":"search_term_string"}}],"inLanguage":"en-US"}]}},"_links":{"self":[{"href":"https:\/\/anglocom.com\/en\/wp-json\/wp\/v2\/pages\/3385","targetHints":{"allow":["GET"]}}],"collection":[{"href":"https:\/\/anglocom.com\/en\/wp-json\/wp\/v2\/pages"}],"about":[{"href":"https:\/\/anglocom.com\/en\/wp-json\/wp\/v2\/types\/page"}],"author":[{"embeddable":true,"href":"https:\/\/anglocom.com\/en\/wp-json\/wp\/v2\/users\/3"}],"replies":[{"embeddable":true,"href":"https:\/\/anglocom.com\/en\/wp-json\/wp\/v2\/comments?post=3385"}],"version-history":[{"count":0,"href":"https:\/\/anglocom.com\/en\/wp-json\/wp\/v2\/pages\/3385\/revisions"}],"wp:attachment":[{"href":"https:\/\/anglocom.com\/en\/wp-json\/wp\/v2\/media?parent=3385"}],"curies":[{"name":"wp","href":"https:\/\/api.w.org\/{rel}","templated":true}]}}