{"id":1419,"date":"2017-01-20T16:41:30","date_gmt":"2017-01-20T16:41:30","guid":{"rendered":"https:\/\/anglocomprod.wpengine.com\/?page_id=1419\/"},"modified":"2023-05-12T11:11:42","modified_gmt":"2023-05-12T15:11:42","slug":"helpful-links","status":"publish","type":"page","link":"https:\/\/anglocom.com\/en\/helpful-links\/","title":{"rendered":"Helpful Links"},"content":{"rendered":"<p>[et_pb_section bb_built=&#8221;1&#8243; fullwidth=&#8221;off&#8221; specialty=&#8221;off&#8221; background_image=&#8221;https:\/\/anglocom.com\/wp-content\/uploads\/2016\/12\/texture-filtre.jpg&#8221; transparent_background=&#8221;off&#8221; background_color=&#8221;#000000&#8243; allow_player_pause=&#8221;off&#8221; inner_shadow=&#8221;off&#8221; parallax=&#8221;off&#8221; parallax_method=&#8221;off&#8221; padding_mobile=&#8221;off&#8221; make_fullwidth=&#8221;off&#8221; use_custom_width=&#8221;off&#8221; width_unit=&#8221;on&#8221; make_equal=&#8221;off&#8221; use_custom_gutter=&#8221;off&#8221; custom_padding_tablet=&#8221;50px|0|50px|0&#8243; custom_padding_last_edited=&#8221;on|desktop&#8221; inner_width=&#8221;auto&#8221; inner_max_width=&#8221;1080px&#8221; next_background_color=&#8221;#ffffff&#8221;][et_pb_row admin_label=&#8221;Row&#8221; background_position=&#8221;top_left&#8221; background_repeat=&#8221;repeat&#8221; background_size=&#8221;initial&#8221; width=&#8221;80%&#8221; max_width=&#8221;1080px&#8221;][et_pb_column type=&#8221;4_4&#8243; custom_padding__hover=&#8221;|||&#8221; custom_padding=&#8221;|||&#8221;][et_pb_text admin_label=&#8221;Helpful Links&#8221; background_layout=&#8221;dark&#8221; text_orientation=&#8221;center&#8221; text_font=&#8221;Roboto Condensed||||&#8221; text_font_size=&#8221;80&#8243; border_style=&#8221;solid&#8221; background_position=&#8221;top_left&#8221; background_repeat=&#8221;repeat&#8221; background_size=&#8221;initial&#8221; _builder_version=&#8221;3.0.75&#8243; module_alignment=&#8221;center&#8221;]<\/p>\n<h1 style=\"font-size: 72px;\">Helpful Links<\/h1>\n<p>[\/et_pb_text][\/et_pb_column][\/et_pb_row][\/et_pb_section][et_pb_section bb_built=&#8221;1&#8243; admin_label=&#8221;section&#8221; inner_width=&#8221;auto&#8221; inner_max_width=&#8221;1080px&#8221; prev_background_color=&#8221;#000000&#8243; next_background_color=&#8221;#000000&#8243;][et_pb_row background_position=&#8221;top_left&#8221; background_repeat=&#8221;repeat&#8221; background_size=&#8221;initial&#8221; width=&#8221;80%&#8221; max_width=&#8221;1080px&#8221;][et_pb_column type=&#8221;3_4&#8243; custom_padding__hover=&#8221;|||&#8221; custom_padding=&#8221;|||&#8221;][et_pb_text background_layout=&#8221;light&#8221; border_style=&#8221;solid&#8221; background_position=&#8221;top_left&#8221; background_repeat=&#8221;repeat&#8221; background_size=&#8221;initial&#8221; _builder_version=&#8221;3.0.79&#8243; module_alignment=&#8221;left&#8221; text_orientation=&#8221;left&#8221;]<\/p>\n<div><a href=\"http:\/\/andreracicot.ca\/\" target=\"_blank\" rel=\"noopener\">Andr\u00e9 Racicot : Au c\u0153ur du fran\u00e7ais<\/a><br \/><em>For people who love French<\/em><\/div>\n<div><a href=\"http:\/\/bit.ly\/1PpUxN1\" target=\"_blank\" rel=\"noopener\">Diatopix<\/a><br \/><em>Graphic presentation tool showing the geographic distribution of words and expressions<\/em><\/div>\n<div><a href=\"http:\/\/www.le-mot-juste-en-anglais.com\/\" target=\"_blank\" rel=\"noopener\">Le mot juste en anglais<\/a><br \/><em>Blog for French speakers interested in English<\/em><\/div>\n<div><a href=\"http:\/\/separatedbyacommonlanguage.blogspot.com\/\" target=\"_blank\" rel=\"noopener\">Separated by a Common Language<\/a><br \/><em>Blog on the differences between American and British English<\/em><\/div>\n<div><a href=\"http:\/\/thoughtsontranslation.com\/\" target=\"_blank\" rel=\"noopener\">Thoughts on Translation<\/a><br \/><em>Blog by Corinne McKay, U.S. translator par excellence<\/em><\/div>\n<div><a href=\"http:\/\/www.granddictionnaire.com\/\" target=\"_blank\" rel=\"noopener\">Le grand dictionnaire<\/a><br \/><em>English-French dictionary by Quebec&#8217;s Office de la langue fran\u00e7aise<\/em><\/div>\n<div><a href=\"http:\/\/bit.ly\/fqF7Hb\" target=\"_blank\" rel=\"noopener\">Infovisual<\/a><br \/><em>A visual dictionary<\/em><\/div>\n<div><a href=\"http:\/\/bit.ly\/grnYPU\" target=\"_blank\" rel=\"noopener\">Linguee<\/a><br \/><em>A dictionary of translations in context<\/em><\/div>\n<div><a href=\"http:\/\/bit.ly\/hkK2GT\" target=\"_blank\" rel=\"noopener\">Grammar Girl<\/a><br \/><em>Quick and dirty English grammar tips<\/em><\/div>\n<div><a href=\"http:\/\/bit.ly\/ijXQpc\" target=\"_blank\" rel=\"noopener\">Word Spy<\/a><br \/><em>Blog on new English words<\/em><\/div>\n<div><a href=\"http:\/\/bit.ly\/fLcM8c\" target=\"_blank\" rel=\"noopener\">Chocolate &amp; Zucchini<\/a><br \/><em>Everything you ever wanted to know about French cooking idioms<\/em><\/div>\n<div><a href=\"http:\/\/bit.ly\/ZIaHoz\" target=\"_blank\" rel=\"noopener\">Chicago Manual of Style Questions &amp; Answers<\/a><br \/><em>Expert answers to real-life editing conundrums<\/em><\/div>\n<div><a href=\"https:\/\/www.noslangues-ourlanguages.gc.ca\/en\/blogue-blog-index\" target=\"_blank\" rel=\"noopener\">Our Languages Blog<\/a><br \/><em>A blog by the Language Portal of Canada<\/em><\/div>\n<p>[\/et_pb_text][et_pb_divider _builder_version=&#8221;3.0.51&#8243; show_divider=&#8221;on&#8221; divider_style=&#8221;solid&#8221; divider_position=&#8221;top&#8221; hide_on_mobile=&#8221;on&#8221; disabled_on=&#8221;on|on|off&#8221; color=&#8221;#ffffff&#8221; \/][\/et_pb_column][et_pb_column type=&#8221;1_4&#8243; custom_padding__hover=&#8221;|||&#8221; custom_padding=&#8221;|||&#8221;][et_pb_text admin_label=&#8221;Tweets et gazouillis pour des traductions qui chantent&#8221; background_layout=&#8221;light&#8221; border_style=&#8221;solid&#8221; background_position=&#8221;top_left&#8221; background_repeat=&#8221;repeat&#8221; background_size=&#8221;initial&#8221; module_alignment=&#8221;left&#8221; _builder_version=&#8221;3.0.80&#8243; saved_tabs=&#8221;all&#8221; text_orientation=&#8221;left&#8221;]<\/p>\n<h3><a href=\"https:\/\/anglocom.com\/wp-content\/uploads\/2015\/09\/8183_ANGLOCOM_livres2_v1.png\"><img decoding=\"async\" class=\"alignnone size-full wp-image-1760\" src=\"https:\/\/anglocom.com\/wp-content\/uploads\/2015\/09\/8183_ANGLOCOM_livres2_v1.png\" alt=\"\" width=\"118\" height=\"189\" \/><\/a><\/h3>\n<h3>Les trucs d&#8217;anglais qu&#8217;on a oubli\u00e9 de vous enseigner<\/h3>\n<div class=\"et_pb_text et_pb_module et_pb_bg_layout_light et_pb_text_align_left et_pb_text_1\">\n<div class=\"et_pb_text_inner\">\n<p>Written in French, this publication is intended for a francophone audience interested in learning more about English.<br \/><a href=\"https:\/\/anglocom.com\/en\/trucs-danglais-quon-a-oublie-de-enseigner-testimonials\/\">Learn more &gt;<\/a><\/p>\n<\/div>\n<\/div>\n<p>[\/et_pb_text][et_pb_text admin_label=&#8221;Tweets et gazouillis pour des traductions qui chantent&#8221; background_layout=&#8221;light&#8221; border_style=&#8221;solid&#8221; background_position=&#8221;top_left&#8221; background_repeat=&#8221;repeat&#8221; background_size=&#8221;initial&#8221; module_alignment=&#8221;left&#8221; _builder_version=&#8221;3.0.80&#8243; saved_tabs=&#8221;all&#8221; text_orientation=&#8221;left&#8221;]<\/p>\n<h3><a href=\"https:\/\/anglocom.com\/wp-content\/uploads\/2015\/09\/8183_ANGLOCOM_livres1_v1.png\"><img decoding=\"async\" class=\"alignnone size-full wp-image-266\" src=\"https:\/\/anglocom.com\/wp-content\/uploads\/2015\/09\/8183_ANGLOCOM_livres1_v1.png\" alt=\"\" width=\"118\" height=\"189\" \/><\/a><\/h3>\n<h3>Tweets et gazouillis pour des traductions qui chantent<\/h3>\n<p>A compendium of translation tips from Anglocom\u2019s Twitter feed.<br \/><a href=\"https:\/\/anglocom.com\/en\/tweets-et-gazouillis-pour-des-traductions-qui-chantent-testimonials\/\">Learn more &gt;<\/a><\/p>\n<p>[\/et_pb_text][\/et_pb_column][\/et_pb_row][\/et_pb_section][et_pb_section bb_built=&#8221;1&#8243; custom_padding_last_edited=&#8221;on|desktop&#8221; _builder_version=&#8221;3.22&#8243; background_color=&#8221;#000000&#8243; custom_padding_tablet=&#8221;50px|0|50px|0&#8243; transparent_background=&#8221;off&#8221; padding_mobile=&#8221;off&#8221; make_fullwidth=&#8221;off&#8221; use_custom_width=&#8221;off&#8221; width_unit=&#8221;on&#8221; global_colors_info=&#8221;{}&#8221; prev_background_color=&#8221;#ffffff&#8221; inner_width=&#8221;auto&#8221; inner_max_width=&#8221;1080px&#8221; global_module=&#8221;2396&#8243;][et_pb_row global_parent=&#8221;2396&#8243; column_structure=&#8221;1_2,1_2&#8243; _builder_version=&#8221;4.16&#8243; background_size=&#8221;initial&#8221; background_position=&#8221;top_left&#8221; background_repeat=&#8221;repeat&#8221; make_fullwidth=&#8221;off&#8221; use_custom_width=&#8221;off&#8221; width_unit=&#8221;on&#8221; global_colors_info=&#8221;{}&#8221;][et_pb_column type=&#8221;1_2&#8243; global_parent=&#8221;2396&#8243; _builder_version=&#8221;4.16&#8243; custom_padding=&#8221;|||&#8221; global_colors_info=&#8221;{}&#8221; custom_padding__hover=&#8221;|||&#8221;][et_pb_text admin_label=&#8221;About us&#8221; global_parent=&#8221;2396&#8243; _builder_version=&#8221;4.20.0&#8243; background_size=&#8221;initial&#8221; background_position=&#8221;top_left&#8221; background_repeat=&#8221;repeat&#8221; background_layout=&#8221;dark&#8221; hover_enabled=&#8221;0&#8243; use_border_color=&#8221;off&#8221; border_color=&#8221;#ffffff&#8221; border_style=&#8221;solid&#8221; global_colors_info=&#8221;{}&#8221; sticky_enabled=&#8221;0&#8243;]<\/p>\n<h3>About us<\/h3>\n<p>At Anglocom, we actually have TWO core missions: deliver spot-on French for the Quebec market and provide reader-friendly English for the North American market. <a href=\"\/en\/about-us\/a-uniquely-different-agency\/\">Learn more &gt;<\/a><\/p>\n<p>[\/et_pb_text][et_pb_social_media_follow admin_label=&#8221;Social network&#8221; global_parent=&#8221;2396&#8243; _builder_version=&#8221;4.16&#8243; background_layout=&#8221;dark&#8221; border_radii=&#8221;on|100%|100%|100%|100%&#8221; link_shape=&#8221;circle&#8221; global_colors_info=&#8221;{}&#8221;][et_pb_social_media_follow_network social_network=&#8221;twitter&#8221; url=&#8221;https:\/\/twitter.com\/anglais&#8221; _builder_version=&#8221;4.16&#8243; background_color=&#8221;#00aced&#8221; bg_color=&#8221;#00aced&#8221; global_colors_info=&#8221;{}&#8221; follow_button=&#8221;off&#8221; url_new_window=&#8221;on&#8221;] Twitter [\/et_pb_social_media_follow_network][et_pb_social_media_follow_network social_network=&#8221;rss&#8221; url=&#8221;https:\/\/anglocom.com\/en\/feed\/&#8221; _builder_version=&#8221;4.16&#8243; background_color=&#8221;#ff8a3c&#8221; bg_color=&#8221;#ff8a3c&#8221; global_colors_info=&#8221;{}&#8221; follow_button=&#8221;off&#8221; url_new_window=&#8221;on&#8221;] RSS [\/et_pb_social_media_follow_network][et_pb_social_media_follow_network social_network=&#8221;linkedin&#8221; url=&#8221;https:\/\/ca.linkedin.com\/company\/anglocom&#8221; _builder_version=&#8221;4.16&#8243; background_color=&#8221;#007bb6&#8243; bg_color=&#8221;#007bb6&#8243; global_colors_info=&#8221;{}&#8221; follow_button=&#8221;off&#8221; url_new_window=&#8221;on&#8221;] LinkedIn [\/et_pb_social_media_follow_network][\/et_pb_social_media_follow][\/et_pb_column][et_pb_column type=&#8221;1_2&#8243; global_parent=&#8221;2396&#8243; _builder_version=&#8221;4.16&#8243; custom_padding=&#8221;|||&#8221; global_colors_info=&#8221;{}&#8221; custom_padding__hover=&#8221;|||&#8221;][et_pb_text admin_label=&#8221;Contact us&#8221; global_parent=&#8221;2396&#8243; module_class=&#8221;no-link-color&#8221; _builder_version=&#8221;4.20.0&#8243; vertical_offset_tablet=&#8221;0&#8243; horizontal_offset_tablet=&#8221;0&#8243; background_layout=&#8221;dark&#8221; z_index_tablet=&#8221;0&#8243; text_text_shadow_horizontal_length_tablet=&#8221;0px&#8221; text_text_shadow_vertical_length_tablet=&#8221;0px&#8221; text_text_shadow_blur_strength_tablet=&#8221;1px&#8221; link_text_shadow_horizontal_length_tablet=&#8221;0px&#8221; link_text_shadow_vertical_length_tablet=&#8221;0px&#8221; link_text_shadow_blur_strength_tablet=&#8221;1px&#8221; ul_text_shadow_horizontal_length_tablet=&#8221;0px&#8221; ul_text_shadow_vertical_length_tablet=&#8221;0px&#8221; ul_text_shadow_blur_strength_tablet=&#8221;1px&#8221; ol_text_shadow_horizontal_length_tablet=&#8221;0px&#8221; ol_text_shadow_vertical_length_tablet=&#8221;0px&#8221; ol_text_shadow_blur_strength_tablet=&#8221;1px&#8221; quote_text_shadow_horizontal_length_tablet=&#8221;0px&#8221; quote_text_shadow_vertical_length_tablet=&#8221;0px&#8221; quote_text_shadow_blur_strength_tablet=&#8221;1px&#8221; header_text_shadow_horizontal_length_tablet=&#8221;0px&#8221; header_text_shadow_vertical_length_tablet=&#8221;0px&#8221; header_text_shadow_blur_strength_tablet=&#8221;1px&#8221; header_2_text_shadow_horizontal_length_tablet=&#8221;0px&#8221; header_2_text_shadow_vertical_length_tablet=&#8221;0px&#8221; header_2_text_shadow_blur_strength_tablet=&#8221;1px&#8221; header_3_text_shadow_horizontal_length_tablet=&#8221;0px&#8221; header_3_text_shadow_vertical_length_tablet=&#8221;0px&#8221; header_3_text_shadow_blur_strength_tablet=&#8221;1px&#8221; header_4_text_shadow_horizontal_length_tablet=&#8221;0px&#8221; header_4_text_shadow_vertical_length_tablet=&#8221;0px&#8221; header_4_text_shadow_blur_strength_tablet=&#8221;1px&#8221; header_5_text_shadow_horizontal_length_tablet=&#8221;0px&#8221; header_5_text_shadow_vertical_length_tablet=&#8221;0px&#8221; header_5_text_shadow_blur_strength_tablet=&#8221;1px&#8221; header_6_text_shadow_horizontal_length_tablet=&#8221;0px&#8221; header_6_text_shadow_vertical_length_tablet=&#8221;0px&#8221; header_6_text_shadow_blur_strength_tablet=&#8221;1px&#8221; box_shadow_horizontal_tablet=&#8221;0px&#8221; box_shadow_vertical_tablet=&#8221;0px&#8221; box_shadow_blur_tablet=&#8221;40px&#8221; box_shadow_spread_tablet=&#8221;0px&#8221; global_colors_info=&#8221;{}&#8221;]<\/p>\n<h3>Contact us<\/h3>\n<p>276 Saint-Jacques\u00a0Street, Suite 900, Montreal, Quebec, Canada H2Y 1N3<br \/>Montreal: <a href=\"tel:5147801707\">514-780-1707<\/a><br \/>Quebec City: <a href=\"tel:4185296928\">418-529-6928<\/a><br \/>Toll free in Canada and US: <a href=\"tel:18665296928\">1-866-529-6928<\/a><br \/>International: <a href=\"tel:14185296928%20\">1-418-529-6928<\/a><\/p>\n<p>[\/et_pb_text][\/et_pb_column][\/et_pb_row][\/et_pb_section]<\/p>\n","protected":false},"excerpt":{"rendered":"<p>Helpful Links Andr\u00e9 Racicot : Au c\u0153ur du fran\u00e7aisFor people who love French DiatopixGraphic presentation tool showing the geographic distribution of words and expressions Le mot juste en anglaisBlog for French speakers interested in English Separated by a Common LanguageBlog on the differences between American and British English Thoughts on TranslationBlog by Corinne McKay, U.S. [&hellip;]<\/p>\n","protected":false},"author":3,"featured_media":0,"parent":0,"menu_order":13,"comment_status":"closed","ping_status":"closed","template":"","meta":{"_acf_changed":false,"_et_pb_use_builder":"on","_et_pb_old_content":"","_et_gb_content_width":"","content-type":"","_monsterinsights_skip_tracking":false,"_monsterinsights_sitenote_active":false,"_monsterinsights_sitenote_note":"","_monsterinsights_sitenote_category":0,"footnotes":""},"class_list":["post-1419","page","type-page","status-publish","hentry"],"acf":[],"yoast_head":"<!-- This site is optimized with the Yoast SEO plugin v27.2 - https:\/\/yoast.com\/product\/yoast-seo-wordpress\/ -->\n<title>Translation tips | Some of our favorite language links<\/title>\n<meta name=\"description\" content=\"Blogs, dictionaries, advice: if you love English and French, you\u2019ll love these websites.\" \/>\n<meta name=\"robots\" content=\"index, follow, max-snippet:-1, max-image-preview:large, max-video-preview:-1\" \/>\n<link rel=\"canonical\" href=\"https:\/\/anglocom.com\/en\/helpful-links\/\" \/>\n<meta property=\"og:locale\" content=\"en_US\" \/>\n<meta property=\"og:type\" content=\"article\" \/>\n<meta property=\"og:title\" content=\"Translation tips | Some of our favorite language links\" \/>\n<meta property=\"og:description\" content=\"Blogs, dictionaries, advice: if you love English and French, you\u2019ll love these websites.\" \/>\n<meta property=\"og:url\" content=\"https:\/\/anglocom.com\/en\/helpful-links\/\" \/>\n<meta property=\"og:site_name\" content=\"Anglocom\" \/>\n<meta property=\"article:modified_time\" content=\"2023-05-12T15:11:42+00:00\" \/>\n<meta property=\"og:image\" content=\"https:\/\/anglocom.com\/wp-content\/uploads\/2015\/09\/8183_ANGLOCOM_livres2_v1.png\" \/>\n<meta name=\"twitter:card\" content=\"summary_large_image\" \/>\n<meta name=\"twitter:label1\" content=\"Est. reading time\" \/>\n\t<meta name=\"twitter:data1\" content=\"4 minutes\" \/>\n<script type=\"application\/ld+json\" class=\"yoast-schema-graph\">{\"@context\":\"https:\/\/schema.org\",\"@graph\":[{\"@type\":\"WebPage\",\"@id\":\"https:\/\/anglocom.com\/en\/helpful-links\/\",\"url\":\"https:\/\/anglocom.com\/en\/helpful-links\/\",\"name\":\"Translation tips | Some of our favorite language links\",\"isPartOf\":{\"@id\":\"https:\/\/anglocom.com\/en\/#website\"},\"primaryImageOfPage\":{\"@id\":\"https:\/\/anglocom.com\/en\/helpful-links\/#primaryimage\"},\"image\":{\"@id\":\"https:\/\/anglocom.com\/en\/helpful-links\/#primaryimage\"},\"thumbnailUrl\":\"https:\/\/anglocom.com\/wp-content\/uploads\/2015\/09\/8183_ANGLOCOM_livres2_v1.png\",\"datePublished\":\"2017-01-20T16:41:30+00:00\",\"dateModified\":\"2023-05-12T15:11:42+00:00\",\"description\":\"Blogs, dictionaries, advice: if you love English and French, you\u2019ll love these websites.\",\"breadcrumb\":{\"@id\":\"https:\/\/anglocom.com\/en\/helpful-links\/#breadcrumb\"},\"inLanguage\":\"en-US\",\"potentialAction\":[{\"@type\":\"ReadAction\",\"target\":[\"https:\/\/anglocom.com\/en\/helpful-links\/\"]}]},{\"@type\":\"ImageObject\",\"inLanguage\":\"en-US\",\"@id\":\"https:\/\/anglocom.com\/en\/helpful-links\/#primaryimage\",\"url\":\"https:\/\/anglocom.com\/wp-content\/uploads\/2015\/09\/8183_ANGLOCOM_livres2_v1.png\",\"contentUrl\":\"https:\/\/anglocom.com\/wp-content\/uploads\/2015\/09\/8183_ANGLOCOM_livres2_v1.png\"},{\"@type\":\"BreadcrumbList\",\"@id\":\"https:\/\/anglocom.com\/en\/helpful-links\/#breadcrumb\",\"itemListElement\":[{\"@type\":\"ListItem\",\"position\":1,\"name\":\"Home\",\"item\":\"https:\/\/anglocom.com\/en\/\"},{\"@type\":\"ListItem\",\"position\":2,\"name\":\"Helpful Links\"}]},{\"@type\":\"WebSite\",\"@id\":\"https:\/\/anglocom.com\/en\/#website\",\"url\":\"https:\/\/anglocom.com\/en\/\",\"name\":\"Anglocom\",\"description\":\"Traduction et r\u00e9daction en fran\u00e7ais et en anglais au Qu\u00e9bec\",\"potentialAction\":[{\"@type\":\"SearchAction\",\"target\":{\"@type\":\"EntryPoint\",\"urlTemplate\":\"https:\/\/anglocom.com\/en\/?s={search_term_string}\"},\"query-input\":{\"@type\":\"PropertyValueSpecification\",\"valueRequired\":true,\"valueName\":\"search_term_string\"}}],\"inLanguage\":\"en-US\"}]}<\/script>\n<!-- \/ Yoast SEO plugin. -->","yoast_head_json":{"title":"Translation tips | Some of our favorite language links","description":"Blogs, dictionaries, advice: if you love English and French, you\u2019ll love these websites.","robots":{"index":"index","follow":"follow","max-snippet":"max-snippet:-1","max-image-preview":"max-image-preview:large","max-video-preview":"max-video-preview:-1"},"canonical":"https:\/\/anglocom.com\/en\/helpful-links\/","og_locale":"en_US","og_type":"article","og_title":"Translation tips | Some of our favorite language links","og_description":"Blogs, dictionaries, advice: if you love English and French, you\u2019ll love these websites.","og_url":"https:\/\/anglocom.com\/en\/helpful-links\/","og_site_name":"Anglocom","article_modified_time":"2023-05-12T15:11:42+00:00","og_image":[{"url":"https:\/\/anglocom.com\/wp-content\/uploads\/2015\/09\/8183_ANGLOCOM_livres2_v1.png","type":"","width":"","height":""}],"twitter_card":"summary_large_image","twitter_misc":{"Est. reading time":"4 minutes"},"schema":{"@context":"https:\/\/schema.org","@graph":[{"@type":"WebPage","@id":"https:\/\/anglocom.com\/en\/helpful-links\/","url":"https:\/\/anglocom.com\/en\/helpful-links\/","name":"Translation tips | Some of our favorite language links","isPartOf":{"@id":"https:\/\/anglocom.com\/en\/#website"},"primaryImageOfPage":{"@id":"https:\/\/anglocom.com\/en\/helpful-links\/#primaryimage"},"image":{"@id":"https:\/\/anglocom.com\/en\/helpful-links\/#primaryimage"},"thumbnailUrl":"https:\/\/anglocom.com\/wp-content\/uploads\/2015\/09\/8183_ANGLOCOM_livres2_v1.png","datePublished":"2017-01-20T16:41:30+00:00","dateModified":"2023-05-12T15:11:42+00:00","description":"Blogs, dictionaries, advice: if you love English and French, you\u2019ll love these websites.","breadcrumb":{"@id":"https:\/\/anglocom.com\/en\/helpful-links\/#breadcrumb"},"inLanguage":"en-US","potentialAction":[{"@type":"ReadAction","target":["https:\/\/anglocom.com\/en\/helpful-links\/"]}]},{"@type":"ImageObject","inLanguage":"en-US","@id":"https:\/\/anglocom.com\/en\/helpful-links\/#primaryimage","url":"https:\/\/anglocom.com\/wp-content\/uploads\/2015\/09\/8183_ANGLOCOM_livres2_v1.png","contentUrl":"https:\/\/anglocom.com\/wp-content\/uploads\/2015\/09\/8183_ANGLOCOM_livres2_v1.png"},{"@type":"BreadcrumbList","@id":"https:\/\/anglocom.com\/en\/helpful-links\/#breadcrumb","itemListElement":[{"@type":"ListItem","position":1,"name":"Home","item":"https:\/\/anglocom.com\/en\/"},{"@type":"ListItem","position":2,"name":"Helpful Links"}]},{"@type":"WebSite","@id":"https:\/\/anglocom.com\/en\/#website","url":"https:\/\/anglocom.com\/en\/","name":"Anglocom","description":"Traduction et r\u00e9daction en fran\u00e7ais et en anglais au Qu\u00e9bec","potentialAction":[{"@type":"SearchAction","target":{"@type":"EntryPoint","urlTemplate":"https:\/\/anglocom.com\/en\/?s={search_term_string}"},"query-input":{"@type":"PropertyValueSpecification","valueRequired":true,"valueName":"search_term_string"}}],"inLanguage":"en-US"}]}},"_links":{"self":[{"href":"https:\/\/anglocom.com\/en\/wp-json\/wp\/v2\/pages\/1419","targetHints":{"allow":["GET"]}}],"collection":[{"href":"https:\/\/anglocom.com\/en\/wp-json\/wp\/v2\/pages"}],"about":[{"href":"https:\/\/anglocom.com\/en\/wp-json\/wp\/v2\/types\/page"}],"author":[{"embeddable":true,"href":"https:\/\/anglocom.com\/en\/wp-json\/wp\/v2\/users\/3"}],"replies":[{"embeddable":true,"href":"https:\/\/anglocom.com\/en\/wp-json\/wp\/v2\/comments?post=1419"}],"version-history":[{"count":0,"href":"https:\/\/anglocom.com\/en\/wp-json\/wp\/v2\/pages\/1419\/revisions"}],"wp:attachment":[{"href":"https:\/\/anglocom.com\/en\/wp-json\/wp\/v2\/media?parent=1419"}],"curies":[{"name":"wp","href":"https:\/\/api.w.org\/{rel}","templated":true}]}}